{"id":80,"date":"2017-10-31T09:59:06","date_gmt":"2017-10-31T07:59:06","guid":{"rendered":"http:\/\/www.operaatiotutkimus.fi\/uudetsivut\/?page_id=80"},"modified":"2017-11-02T11:03:06","modified_gmt":"2017-11-02T09:03:06","slug":"jasenlehti","status":"publish","type":"page","link":"https:\/\/www.operaatiotutkimus.fi\/index.php\/jasenlehti\/","title":{"rendered":"J\u00e4senlehti"},"content":{"rendered":"<p>T\u00e4st\u00e4 l\u00f6yd\u00e4t kaikki FORSin j\u00e4senlehdet k\u00e4\u00e4nteisess\u00e4 aikaj\u00e4rjestyksess\u00e4.<\/p>\n<style type='text\/css'>\r\n\t#mla_gallery-1 {\r\n\t\tmargin: auto;\r\n\t\twidth: 100%;\r\n\t}\r\n\t#mla_gallery-1 .gallery-item {\r\n\t\tfloat: none;\r\n\t\tmargin: 1.5%;\r\n\t\tdisplay: inline-block;\r\n\t\ttext-align: center;\r\n\t\twidth: 47%;\r\n\t}\r\n\t#mla_gallery-1 .gallery-item .gallery-icon img {\r\n\t\tborder: 2px solid #cfcfcf;\r\n\t}\r\n\t#mla_gallery-1 .gallery-caption {\r\n\t\tmargin-left: 0;\r\n\t\tvertical-align: top;\r\n\t}\r\n<\/style>\r\n<div id='mla_gallery-1' class='gallery galleryid-80 gallery-columns-2 gallery-size-none'>\r\n<figure class='gallery-item '>\r\n\t<div class='gallery-icon '>\r\n\t\t<a href='https:\/\/www.operaatiotutkimus.fi\/wp-content\/uploads\/2019\/12\/Infors_2_2019.pdf'>2\/2019<\/a>\r\n\t<\/div>\r\n\t<\/figure><figure class='gallery-item last_in_row'>\r\n\t<div class='gallery-icon '>\r\n\t\t<a href='https:\/\/www.operaatiotutkimus.fi\/wp-content\/uploads\/2019\/05\/1_2019.pdf'>1\/2019<\/a>\r\n\t<\/div>\r\n\t<\/figure><figure class='gallery-item '>\r\n\t<div class='gallery-icon '>\r\n\t\t<a href='https:\/\/www.operaatiotutkimus.fi\/wp-content\/uploads\/2018\/11\/2_2018.pdf'>2\/2018<\/a>\r\n\t<\/div>\r\n\t<\/figure><figure class='gallery-item last_in_row'>\r\n\t<div class='gallery-icon '>\r\n\t\t<a href='https:\/\/www.operaatiotutkimus.fi\/wp-content\/uploads\/2018\/04\/lehti118.pdf'>1\/2018<\/a>\r\n\t<\/div>\r\n\t<\/figure><figure class='gallery-item '>\r\n\t<div class='gallery-icon '>\r\n\t\t<a href='https:\/\/www.operaatiotutkimus.fi\/wp-content\/uploads\/2017\/10\/lehti217.pdf'>2\/2017<\/a>\r\n\t<\/div>\r\n\t<\/figure><figure class='gallery-item last_in_row'>\r\n\t<div class='gallery-icon '>\r\n\t\t<a href='https:\/\/www.operaatiotutkimus.fi\/wp-content\/uploads\/2017\/10\/lehti117.pdf'>1\/2017<\/a>\r\n\t<\/div>\r\n\t<\/figure><figure class='gallery-item '>\r\n\t<div class='gallery-icon '>\r\n\t\t<a href='https:\/\/www.operaatiotutkimus.fi\/wp-content\/uploads\/2017\/10\/lehti216.pdf'>2\/2016<\/a>\r\n\t<\/div>\r\n\t<\/figure><figure class='gallery-item last_in_row'>\r\n\t<div class='gallery-icon '>\r\n\t\t<a href='https:\/\/www.operaatiotutkimus.fi\/wp-content\/uploads\/2017\/10\/lehti116.pdf'>1\/2016<\/a>\r\n\t<\/div>\r\n\t<\/figure><figure class='gallery-item '>\r\n\t<div class='gallery-icon '>\r\n\t\t<a href='https:\/\/www.operaatiotutkimus.fi\/wp-content\/uploads\/2017\/10\/lehti215.pdf'>2\/2015<\/a>\r\n\t<\/div>\r\n\t<\/figure><figure class='gallery-item last_in_row'>\r\n\t<div class='gallery-icon '>\r\n\t\t<a href='https:\/\/www.operaatiotutkimus.fi\/wp-content\/uploads\/2017\/10\/lehti115.pdf'>1\/2015<\/a>\r\n\t<\/div>\r\n\t<\/figure><figure class='gallery-item '>\r\n\t<div class='gallery-icon '>\r\n\t\t<a href='https:\/\/www.operaatiotutkimus.fi\/wp-content\/uploads\/2017\/10\/lehti214.pdf'>2\/2014<\/a>\r\n\t<\/div>\r\n\t<\/figure><figure class='gallery-item last_in_row'>\r\n\t<div class='gallery-icon '>\r\n\t\t<a href='https:\/\/www.operaatiotutkimus.fi\/wp-content\/uploads\/2017\/10\/lehti114.pdf'>1\/2014<\/a>\r\n\t<\/div>\r\n\t<\/figure><figure class='gallery-item '>\r\n\t<div class='gallery-icon '>\r\n\t\t<a href='https:\/\/www.operaatiotutkimus.fi\/wp-content\/uploads\/2017\/10\/lehti213.pdf'>2\/2013<\/a>\r\n\t<\/div>\r\n\t<\/figure><figure class='gallery-item last_in_row'>\r\n\t<div class='gallery-icon '>\r\n\t\t<a href='https:\/\/www.operaatiotutkimus.fi\/wp-content\/uploads\/2017\/10\/lehti113.pdf'>1\/2013<\/a>\r\n\t<\/div>\r\n\t<\/figure><figure class='gallery-item '>\r\n\t<div class='gallery-icon '>\r\n\t\t<a href='https:\/\/www.operaatiotutkimus.fi\/wp-content\/uploads\/2017\/10\/lehti212.pdf'>2\/2012<\/a>\r\n\t<\/div>\r\n\t<\/figure><figure class='gallery-item last_in_row'>\r\n\t<div class='gallery-icon '>\r\n\t\t<a href='https:\/\/www.operaatiotutkimus.fi\/wp-content\/uploads\/2017\/10\/lehti112.pdf'>1\/2012<\/a>\r\n\t<\/div>\r\n\t<\/figure><figure class='gallery-item '>\r\n\t<div class='gallery-icon '>\r\n\t\t<a href='https:\/\/www.operaatiotutkimus.fi\/wp-content\/uploads\/2017\/10\/lehti211.pdf'>2\/2011<\/a>\r\n\t<\/div>\r\n\t<\/figure><figure class='gallery-item last_in_row'>\r\n\t<div class='gallery-icon '>\r\n\t\t<a href='https:\/\/www.operaatiotutkimus.fi\/wp-content\/uploads\/2017\/10\/lehti111.pdf'>1\/2011<\/a>\r\n\t<\/div>\r\n\t<\/figure><figure class='gallery-item '>\r\n\t<div class='gallery-icon '>\r\n\t\t<a href='https:\/\/www.operaatiotutkimus.fi\/wp-content\/uploads\/2017\/10\/lehti210.pdf'>2\/2010<\/a>\r\n\t<\/div>\r\n\t<\/figure><figure class='gallery-item last_in_row'>\r\n\t<div class='gallery-icon '>\r\n\t\t<a href='https:\/\/www.operaatiotutkimus.fi\/wp-content\/uploads\/2017\/10\/lehti110.pdf'>1\/2010<\/a>\r\n\t<\/div>\r\n\t<\/figure><figure class='gallery-item '>\r\n\t<div class='gallery-icon '>\r\n\t\t<a href='https:\/\/www.operaatiotutkimus.fi\/wp-content\/uploads\/2017\/10\/lehti209.pdf'>2\/2009<\/a>\r\n\t<\/div>\r\n\t<\/figure><figure class='gallery-item last_in_row'>\r\n\t<div class='gallery-icon '>\r\n\t\t<a href='https:\/\/www.operaatiotutkimus.fi\/wp-content\/uploads\/2017\/10\/lehti109.pdf'>1\/2009<\/a>\r\n\t<\/div>\r\n\t<\/figure><figure class='gallery-item '>\r\n\t<div class='gallery-icon '>\r\n\t\t<a href='https:\/\/www.operaatiotutkimus.fi\/wp-content\/uploads\/2017\/10\/lehti208.pdf'>2\/2008<\/a>\r\n\t<\/div>\r\n\t<\/figure><figure class='gallery-item last_in_row'>\r\n\t<div class='gallery-icon '>\r\n\t\t<a href='https:\/\/www.operaatiotutkimus.fi\/wp-content\/uploads\/2017\/10\/lehti108.pdf'>1\/2008<\/a>\r\n\t<\/div>\r\n\t<\/figure><figure class='gallery-item '>\r\n\t<div class='gallery-icon '>\r\n\t\t<a href='https:\/\/www.operaatiotutkimus.fi\/wp-content\/uploads\/2017\/10\/lehti207.pdf'>2\/2007<\/a>\r\n\t<\/div>\r\n\t<\/figure><figure class='gallery-item last_in_row'>\r\n\t<div class='gallery-icon '>\r\n\t\t<a href='https:\/\/www.operaatiotutkimus.fi\/wp-content\/uploads\/2017\/10\/lehti107.pdf'>1\/2007<\/a>\r\n\t<\/div>\r\n\t<\/figure><figure class='gallery-item '>\r\n\t<div class='gallery-icon '>\r\n\t\t<a href='https:\/\/www.operaatiotutkimus.fi\/wp-content\/uploads\/2017\/10\/lehti206.pdf'>2\/2006<\/a>\r\n\t<\/div>\r\n\t<\/figure><figure class='gallery-item last_in_row'>\r\n\t<div class='gallery-icon '>\r\n\t\t<a href='https:\/\/www.operaatiotutkimus.fi\/wp-content\/uploads\/2017\/10\/lehti106.pdf'>1\/2006<\/a>\r\n\t<\/div>\r\n\t<\/figure><figure class='gallery-item '>\r\n\t<div class='gallery-icon '>\r\n\t\t<a href='https:\/\/www.operaatiotutkimus.fi\/wp-content\/uploads\/2017\/10\/lehti205.pdf'>2\/2005<\/a>\r\n\t<\/div>\r\n\t<\/figure><figure class='gallery-item last_in_row'>\r\n\t<div class='gallery-icon '>\r\n\t\t<a href='https:\/\/www.operaatiotutkimus.fi\/wp-content\/uploads\/2017\/10\/lehti105.pdf'>1\/2005<\/a>\r\n\t<\/div>\r\n\t<\/figure><figure class='gallery-item '>\r\n\t<div class='gallery-icon '>\r\n\t\t<a href='https:\/\/www.operaatiotutkimus.fi\/wp-content\/uploads\/2017\/10\/lehti204.pdf'>2\/2004<\/a>\r\n\t<\/div>\r\n\t<\/figure><figure class='gallery-item last_in_row'>\r\n\t<div class='gallery-icon '>\r\n\t\t<a href='https:\/\/www.operaatiotutkimus.fi\/wp-content\/uploads\/2017\/10\/lehti104.pdf'>1\/2004<\/a>\r\n\t<\/div>\r\n\t<\/figure><figure class='gallery-item '>\r\n\t<div class='gallery-icon '>\r\n\t\t<a href='https:\/\/www.operaatiotutkimus.fi\/wp-content\/uploads\/2017\/10\/lehti203.pdf'>\/2003<\/a>\r\n\t<\/div>\r\n\t<\/figure><figure class='gallery-item last_in_row'>\r\n\t<div class='gallery-icon '>\r\n\t\t<a href='https:\/\/www.operaatiotutkimus.fi\/wp-content\/uploads\/2017\/10\/lehti103.pdf'>1\/2003<\/a>\r\n\t<\/div>\r\n\t<\/figure><figure class='gallery-item '>\r\n\t<div class='gallery-icon '>\r\n\t\t<a href='https:\/\/www.operaatiotutkimus.fi\/wp-content\/uploads\/2017\/10\/lehti202.pdf'>2\/2002<\/a>\r\n\t<\/div>\r\n\t<\/figure><figure class='gallery-item last_in_row'>\r\n\t<div class='gallery-icon '>\r\n\t\t<a href='https:\/\/www.operaatiotutkimus.fi\/wp-content\/uploads\/2017\/10\/lehti102.pdf'>1\/2002<\/a>\r\n\t<\/div>\r\n\t<\/figure><figure class='gallery-item '>\r\n\t<div class='gallery-icon '>\r\n\t\t<a href='https:\/\/www.operaatiotutkimus.fi\/wp-content\/uploads\/2017\/10\/lehti201.pdf'>2\/2001<\/a>\r\n\t<\/div>\r\n\t<\/figure><figure class='gallery-item last_in_row'>\r\n\t<div class='gallery-icon '>\r\n\t\t<a href='https:\/\/www.operaatiotutkimus.fi\/wp-content\/uploads\/2017\/10\/lehti101.pdf'>1\/2001<\/a>\r\n\t<\/div>\r\n\t<\/figure><figure class='gallery-item '>\r\n\t<div class='gallery-icon '>\r\n\t\t<a href='https:\/\/www.operaatiotutkimus.fi\/wp-content\/uploads\/2017\/10\/lehti200.pdf'>2\/2000<\/a>\r\n\t<\/div>\r\n\t<\/figure><figure class='gallery-item last_in_row'>\r\n\t<div class='gallery-icon '>\r\n\t\t<a href='https:\/\/www.operaatiotutkimus.fi\/wp-content\/uploads\/2017\/10\/lehti100.pdf'>1\/2000<\/a>\r\n\t<\/div>\r\n\t<\/figure><figure class='gallery-item '>\r\n\t<div class='gallery-icon '>\r\n\t\t<a href='https:\/\/www.operaatiotutkimus.fi\/wp-content\/uploads\/2017\/10\/lehti299.pdf'>2\/1999<\/a>\r\n\t<\/div>\r\n\t<\/figure><figure class='gallery-item last_in_row'>\r\n\t<div class='gallery-icon '>\r\n\t\t<a href='https:\/\/www.operaatiotutkimus.fi\/wp-content\/uploads\/2017\/10\/lehti199.pdf'>1\/1999<\/a>\r\n\t<\/div>\r\n\t<\/figure><figure class='gallery-item '>\r\n\t<div class='gallery-icon '>\r\n\t\t<a href='https:\/\/www.operaatiotutkimus.fi\/wp-content\/uploads\/2017\/10\/lehti398.pdf'>3\/1998<\/a>\r\n\t<\/div>\r\n\t<\/figure><figure class='gallery-item last_in_row'>\r\n\t<div class='gallery-icon '>\r\n\t\t<a href='https:\/\/www.operaatiotutkimus.fi\/wp-content\/uploads\/2017\/10\/lehti298.pdf'>2\/1998<\/a>\r\n\t<\/div>\r\n\t<\/figure><figure class='gallery-item '>\r\n\t<div class='gallery-icon '>\r\n\t\t<a href='https:\/\/www.operaatiotutkimus.fi\/wp-content\/uploads\/2017\/10\/lehti198.pdf'>1\/1998<\/a>\r\n\t<\/div>\r\n\t<\/figure><\/div>\r\n\n","protected":false},"excerpt":{"rendered":"<p>T\u00e4st\u00e4 l\u00f6yd\u00e4t kaikki FORSin j\u00e4senlehdet k\u00e4\u00e4nteisess\u00e4 aikaj\u00e4rjestyksess\u00e4.<\/p>\n","protected":false},"author":1,"featured_media":0,"parent":0,"menu_order":0,"comment_status":"closed","ping_status":"closed","template":"","meta":{"inline_featured_image":false,"footnotes":""},"class_list":["post-80","page","type-page","status-publish","hentry"],"_links":{"self":[{"href":"https:\/\/www.operaatiotutkimus.fi\/index.php\/wp-json\/wp\/v2\/pages\/80","targetHints":{"allow":["GET"]}}],"collection":[{"href":"https:\/\/www.operaatiotutkimus.fi\/index.php\/wp-json\/wp\/v2\/pages"}],"about":[{"href":"https:\/\/www.operaatiotutkimus.fi\/index.php\/wp-json\/wp\/v2\/types\/page"}],"author":[{"embeddable":true,"href":"https:\/\/www.operaatiotutkimus.fi\/index.php\/wp-json\/wp\/v2\/users\/1"}],"replies":[{"embeddable":true,"href":"https:\/\/www.operaatiotutkimus.fi\/index.php\/wp-json\/wp\/v2\/comments?post=80"}],"version-history":[{"count":54,"href":"https:\/\/www.operaatiotutkimus.fi\/index.php\/wp-json\/wp\/v2\/pages\/80\/revisions"}],"predecessor-version":[{"id":259,"href":"https:\/\/www.operaatiotutkimus.fi\/index.php\/wp-json\/wp\/v2\/pages\/80\/revisions\/259"}],"wp:attachment":[{"href":"https:\/\/www.operaatiotutkimus.fi\/index.php\/wp-json\/wp\/v2\/media?parent=80"}],"curies":[{"name":"wp","href":"https:\/\/api.w.org\/{rel}","templated":true}]}}