{"id":656,"date":"2020-03-24T14:48:02","date_gmt":"2020-03-24T12:48:02","guid":{"rendered":"http:\/\/www.operaatiotutkimus.fi\/?page_id=656"},"modified":"2020-03-25T15:31:51","modified_gmt":"2020-03-25T13:31:51","slug":"infors-blogi","status":"publish","type":"page","link":"https:\/\/www.operaatiotutkimus.fi\/index.php\/infors-blogi\/","title":{"rendered":"INFORS -blogi"},"content":{"rendered":"\n<p><a href=\"https:\/\/www.operaatiotutkimus.fi\/index.php\/infors-blog\/\">(in English)<\/a><\/p>\n\n\n<div class=\"display-posts-listing\"><div class=\"listing-item\"><a class=\"title\" href=\"https:\/\/www.operaatiotutkimus.fi\/index.php\/2026\/03\/19\/vuoden-2026-johtokunta-esittaytyy\/\">Vuoden 2026 johtokunta esitt\u00e4ytyy<\/a> <span class=\"date\">19.3.2026<\/span> <span class=\"author\">by admin<\/span> <span class=\"excerpt-dash\">-<\/span> <span class=\"excerpt\">Suomen operaatiotutkimusseuran jatkaa vuonna 2026 samalla johtokunnalla kuin vuonna 2025. T\u00e4n\u00e4 vuonna johtokuntalaiset esitt\u00e4ytyv\u00e4t vastaamalla oheisiin haastattelukysymyksiin. Lue my\u00f6s seuran johtokuntalaisten viime vuoden esittelytekstit t\u00e4\u00e4lt\u00e4.&nbsp; Kuka olet ja mit\u00e4 teet&hellip; <a class=\"excerpt-more\" href=\"https:\/\/www.operaatiotutkimus.fi\/index.php\/2026\/03\/19\/vuoden-2026-johtokunta-esittaytyy\/\">Lue lis\u00e4\u00e4<\/a><\/span><\/div><div class=\"listing-item\"><a class=\"title\" href=\"https:\/\/www.operaatiotutkimus.fi\/index.php\/2026\/02\/19\/vaitos-systeemi-ja-operaatiotutkimuksen-alalta-di-jussi-leppinen\/\">V\u00e4it\u00f6s systeemi- ja operaatiotutkimuksen alalta, DI Jussi Leppinen<\/a> <span class=\"date\">19.2.2026<\/span> <span class=\"author\">by admin<\/span> <span class=\"excerpt-dash\">-<\/span> <span class=\"excerpt\">V\u00e4it\u00f6s Aalto-yliopiston perustieteiden korkeakoulusta, matematiikan ja systeemianalyysin laitokselta. V\u00e4it\u00f6skirjan nimi:\u00a0Decision models for preventive maintenance of technical systems Tekniset j\u00e4rjestelm\u00e4t, kuten autot, koostuvat lukuisista komponenteista, joiden kunnossapito on edellytys niiden luotettavalle&hellip; <a class=\"excerpt-more\" href=\"https:\/\/www.operaatiotutkimus.fi\/index.php\/2026\/02\/19\/vaitos-systeemi-ja-operaatiotutkimuksen-alalta-di-jussi-leppinen\/\">Lue lis\u00e4\u00e4<\/a><\/span><\/div><div class=\"listing-item\"><a class=\"title\" href=\"https:\/\/www.operaatiotutkimus.fi\/index.php\/2025\/12\/08\/tunnelmia-forsin-syksyn-seminaarista\/\">Tunnelmia FORSin syksyn seminaarista<\/a> <span class=\"date\">8.12.2025<\/span> <span class=\"author\">by admin<\/span> <span class=\"excerpt-dash\">-<\/span> <span class=\"excerpt\">Suomen operaatiotutkimusseura piti marraskuussa seminaarin teemalla Operaatiotutkimus strategisen p\u00e4\u00e4t\u00f6ksenteon tukena. Strategisen tason p\u00e4\u00e4t\u00f6ksenteon tukeminen datan, mallinnuksen ja analytiikan avulla auttaa mukautumaan maailman isoihin muutoksiin, joita esimerkiksi teko\u00e4lyn nopea kehitys ja&hellip; <a class=\"excerpt-more\" href=\"https:\/\/www.operaatiotutkimus.fi\/index.php\/2025\/12\/08\/tunnelmia-forsin-syksyn-seminaarista\/\">Lue lis\u00e4\u00e4<\/a><\/span><\/div><div class=\"listing-item\"><a class=\"title\" href=\"https:\/\/www.operaatiotutkimus.fi\/index.php\/2025\/09\/24\/forsin-johtokuntalaisia-konferenssimatkoilla\/\">FORSin johtokuntalaisia konferenssimatkoilla<\/a> <span class=\"date\">24.9.2025<\/span> <span class=\"author\">by admin<\/span> <span class=\"excerpt-dash\">-<\/span> <span class=\"excerpt\">Osallistuin European Safety and Reliability (ESREL) ja Society for Risk Analysis Europe (SRA-E ) konferenssiin Norjassa Stavangerissa kes\u00e4kuussa. Konferenssi oli viisip\u00e4iv\u00e4inen. Samalla p\u00e4\u00e4sin matkustamaan Norjaan ensimm\u00e4ist\u00e4 kertaa koskaan. Mukaan konferenssiin&hellip; <a class=\"excerpt-more\" href=\"https:\/\/www.operaatiotutkimus.fi\/index.php\/2025\/09\/24\/forsin-johtokuntalaisia-konferenssimatkoilla\/\">Lue lis\u00e4\u00e4<\/a><\/span><\/div><div class=\"listing-item\"><a class=\"title\" href=\"https:\/\/www.operaatiotutkimus.fi\/index.php\/2025\/06\/09\/fors-kevatseminaari-22-5-2025\/\">FORS kev\u00e4tseminaari 22.5.2025<\/a> <span class=\"date\">9.6.2025<\/span> <span class=\"author\">by admin<\/span> <span class=\"excerpt-dash\">-<\/span> <span class=\"excerpt\">FORS j\u00e4rjesti kev\u00e4tseminaarin 22.5. teemanaan kriittisen infrastruktuurin resilienssi. Kohonneiden tilavuokrien takia seminaari j\u00e4rjestettiin Tieteiden talon sijaan Aalto-yliopiston kandidaattikeskuksen tiloissa. Seminaarissa kuultiin nelj\u00e4 mielenkiintoista esityst\u00e4, jotka k\u00e4sitteliv\u00e4t resilienssi\u00e4 ja kriittist\u00e4 infrastruktuuria&hellip; <a class=\"excerpt-more\" href=\"https:\/\/www.operaatiotutkimus.fi\/index.php\/2025\/06\/09\/fors-kevatseminaari-22-5-2025\/\">Lue lis\u00e4\u00e4<\/a><\/span><\/div><div class=\"listing-item\"><a class=\"title\" href=\"https:\/\/www.operaatiotutkimus.fi\/index.php\/2025\/04\/07\/vuoden-2025-johtokunta-esittaytyy\/\">Vuoden 2025 johtokunta esitt\u00e4ytyy<\/a> <span class=\"date\">7.4.2025<\/span> <span class=\"author\">by admin<\/span> <span class=\"excerpt-dash\">-<\/span> <span class=\"excerpt\">Johtokunnan varsinaiset j\u00e4senet ja sihteeri esitt\u00e4ytyiv\u00e4t seuran LinkedIn-sivulla. Alla esitt\u00e4ytymiset koostettuna. Johtokuntalaisten kuvat ovat n\u00e4ht\u00e4vill\u00e4 t\u00e4\u00e4ll\u00e4. Puheenjohtaja Olli Herrala Ty\u00f6skentelen tuoreena tutkijatohtorina Aalto-yliopiston matematiikan ja systeemianalyysin laitoksella, ja ty\u00f6ss\u00e4ni kehit\u00e4n&hellip; <a class=\"excerpt-more\" href=\"https:\/\/www.operaatiotutkimus.fi\/index.php\/2025\/04\/07\/vuoden-2025-johtokunta-esittaytyy\/\">Lue lis\u00e4\u00e4<\/a><\/span><\/div><div class=\"listing-item\"><a class=\"title\" href=\"https:\/\/www.operaatiotutkimus.fi\/index.php\/2024\/12\/19\/fors-vuosikokous-ja-syysseminaari-27-11-2024\/\">FORS vuosikokous ja syysseminaari 27.11.2024\u00a0<\/a> <span class=\"date\">19.12.2024<\/span> <span class=\"author\">by admin<\/span> <span class=\"excerpt-dash\">-<\/span> <span class=\"excerpt\">FORS piti 27.11. s\u00e4\u00e4nt\u00f6m\u00e4\u00e4r\u00e4isen vuosikokouksensa ja seminaarin. Vuosikokouksessa hyv\u00e4ksyttiin seuran talousarvio ja toimintasuunnitelma tulevalle vuodelle, sek\u00e4 valittiin johtokunta vuodelle 2025. Vuoden 2025 johtokunnassa on kolme ensikertalaista, mik\u00e4 lupaa hyv\u00e4\u00e4 uusien&hellip; <a class=\"excerpt-more\" href=\"https:\/\/www.operaatiotutkimus.fi\/index.php\/2024\/12\/19\/fors-vuosikokous-ja-syysseminaari-27-11-2024\/\">Lue lis\u00e4\u00e4<\/a><\/span><\/div><div class=\"listing-item\"><a class=\"title\" href=\"https:\/\/www.operaatiotutkimus.fi\/index.php\/2024\/10\/11\/vaitos-logistiikan-aineesta-di-marjut-hirvonen\/\">V\u00e4it\u00f6s logistiikan aineesta, DI Marjut Hirvonen<\/a> <span class=\"date\">11.10.2024<\/span> <span class=\"author\">by admin<\/span> <span class=\"excerpt-dash\">-<\/span> <span class=\"excerpt\">DI Marjut Hirvosen v\u00e4it\u00f6skirja \"Leveraging the impact of analytics on organizational performance \u2013 a multi-method study\" Aalto-yliopiston kauppatieteiden korkeakoulusta, tieto- ja palvelujohtamisen laitokselta tarkastetaan Aalto-yliopistolla perjantaina 25.10.2024. V\u00e4it\u00f6stilaisuus alkaa klo&hellip; <a class=\"excerpt-more\" href=\"https:\/\/www.operaatiotutkimus.fi\/index.php\/2024\/10\/11\/vaitos-logistiikan-aineesta-di-marjut-hirvonen\/\">Lue lis\u00e4\u00e4<\/a><\/span><\/div><div class=\"listing-item\"><a class=\"title\" href=\"https:\/\/www.operaatiotutkimus.fi\/index.php\/2024\/08\/28\/vaitos-systeemi-ja-operaatiotutkimuksen-alalta-di-olli-herrala\/\">V\u00e4it\u00f6s systeemi- ja operaatiotutkimuksen alalta, DI Olli Herrala<\/a> <span class=\"date\">28.8.2024<\/span> <span class=\"author\">by admin<\/span> <span class=\"excerpt-dash\">-<\/span> <span class=\"excerpt\">DI\u00a0Olli Herralan v\u00e4it\u00f6skirja \u201cMixed-integer formulations for large-scale energy-environmental optimization\u201d\u00a0systeemi- ja operaatiotutkimuksen alalta tarkastetaan Aalto-yliopistolla perjantaina 6.9.2024. V\u00e4it\u00f6stilaisuus alkaa klo 12.00 osoitteessa Otakaari 1, Espoo (sali H304). Viimeisen vuosikymmenen aikana ilmastonmuutoksen&hellip; <a class=\"excerpt-more\" href=\"https:\/\/www.operaatiotutkimus.fi\/index.php\/2024\/08\/28\/vaitos-systeemi-ja-operaatiotutkimuksen-alalta-di-olli-herrala\/\">Lue lis\u00e4\u00e4<\/a><\/span><\/div><div class=\"listing-item\"><a class=\"title\" href=\"https:\/\/www.operaatiotutkimus.fi\/index.php\/2024\/05\/21\/fors-kevatseminaari-16-5-2024\/\">FORS kev\u00e4tseminaari 16.5.2024\u00a0<\/a> <span class=\"date\">21.5.2024<\/span> <span class=\"author\">by admin<\/span> <span class=\"excerpt-dash\">-<\/span> <span class=\"excerpt\">FORS:in perinteinen kev\u00e4tseminaari j\u00e4rjestettiin Tieteiden talolla 16.5. T\u00e4ll\u00e4 kertaa seminaariesitykset keskittyiv\u00e4t operaatiotutkimuksen hy\u00f6dynt\u00e4miseen terveydenhuollossa ja l\u00e4\u00e4ketieteess\u00e4. Seminaarin otsikko oli OR supporting the development of treatments and services in health care.&nbsp;&nbsp;&hellip; <a class=\"excerpt-more\" href=\"https:\/\/www.operaatiotutkimus.fi\/index.php\/2024\/05\/21\/fors-kevatseminaari-16-5-2024\/\">Lue lis\u00e4\u00e4<\/a><\/span><\/div><div class=\"listing-item\"><a class=\"title\" href=\"https:\/\/www.operaatiotutkimus.fi\/index.php\/2024\/03\/12\/vuoden-2024-johtokunta-esittaytyy\/\">Vuoden 2024 johtokunta esitt\u00e4ytyy<\/a> <span class=\"date\">12.3.2024<\/span> <span class=\"author\">by admin<\/span> <span class=\"excerpt-dash\">-<\/span> <span class=\"excerpt\">Puheenjohtaja Olli Herrala Olen nelj\u00e4tt\u00e4 vuotta v\u00e4it\u00f6skirjatutkijana Aalto-yliopiston matematiikan ja systeemianalyysin laitoksella, v\u00e4it\u00f6skirjani k\u00e4sittelee p\u00e4\u00e4t\u00f6ksenteko-optimointia ep\u00e4varmuuksien ja\/tai kilpailun vallitessa, p\u00e4\u00e4asiallisina sovelluskohteina energia- ja ymp\u00e4rist\u00f6aiheiset ongelmat. FORSin toiminnasta ensimm\u00e4inen muisto taitaa&hellip; <a class=\"excerpt-more\" href=\"https:\/\/www.operaatiotutkimus.fi\/index.php\/2024\/03\/12\/vuoden-2024-johtokunta-esittaytyy\/\">Lue lis\u00e4\u00e4<\/a><\/span><\/div><div class=\"listing-item\"><a class=\"title\" href=\"https:\/\/www.operaatiotutkimus.fi\/index.php\/2024\/02\/14\/vaitos-liikkeenjohdon-systeemit-aineesta-lauri-neuvonen-di\/\">V\u00e4it\u00f6s Liikkeenjohdon systeemit aineesta, Lauri Neuvonen, DI<\/a> <span class=\"date\">14.2.2024<\/span> <span class=\"author\">by admin<\/span> <span class=\"excerpt-dash\">-<\/span> <span class=\"excerpt\">DI&nbsp;Lauri Neuvosen&nbsp;Liikkeenjohdon Systeemit aineen v\u00e4it\u00f6skirja \u201cSupporting decision making in complex multiobjective problems: Practical tools and experiences from the healthcare context.\"&nbsp; tarkastetaan Aalto-yliopiston kauppakorkeakoulussa&nbsp;perjantaina 23.2.2024. V\u00e4it\u00f6stilaisuus alkaa klo 12.00 Kauppakorkeakoululla, os.&hellip; <a class=\"excerpt-more\" href=\"https:\/\/www.operaatiotutkimus.fi\/index.php\/2024\/02\/14\/vaitos-liikkeenjohdon-systeemit-aineesta-lauri-neuvonen-di\/\">Lue lis\u00e4\u00e4<\/a><\/span><\/div><div class=\"listing-item\"><a class=\"title\" href=\"https:\/\/www.operaatiotutkimus.fi\/index.php\/2023\/05\/25\/fors50-konferenssi-lahestyy\/\">FORS50-konferenssi l\u00e4hestyy<\/a> <span class=\"date\">25.5.2023<\/span> <span class=\"author\">by admin<\/span> <span class=\"excerpt-dash\">-<\/span> <span class=\"excerpt\">Kirjoittaja on Giovanni Misitano, v\u00e4it\u00f6skirjatutkija Jyv\u00e4skyl\u00e4n yliopistosta. Giovanni toimii t\u00e4ll\u00e4 hetkell\u00e4 Suomen Operaatiotutkimusseuran hallituksen puheenjohtajana.&nbsp; Kun sain ensimm\u00e4isen kerran ajatuksen l\u00e4hte\u00e4 seuran toimintaan mukaan, suunnitelmiini ei kuulunut puheenjohtajan pestin vastaanotto.&hellip; <a class=\"excerpt-more\" href=\"https:\/\/www.operaatiotutkimus.fi\/index.php\/2023\/05\/25\/fors50-konferenssi-lahestyy\/\">Lue lis\u00e4\u00e4<\/a><\/span><\/div><div class=\"listing-item\"><a class=\"title\" href=\"https:\/\/www.operaatiotutkimus.fi\/index.php\/2022\/03\/31\/vuoden-2022-johtokunta-esittaytyy\/\">Vuoden 2022 johtokunta esitt\u00e4ytyy<\/a> <span class=\"date\">31.3.2022<\/span> <span class=\"author\">by admin<\/span> <span class=\"excerpt-dash\">-<\/span> <span class=\"excerpt\">Vuoden 2021 vaalikokouksessa valittiin vuodelle 2022 johtokunta. Mutta ket\u00e4 n\u00e4m\u00e4 valitut henkil\u00f6t oikein ovat ja mit\u00e4 he tekev\u00e4t? Annetaan heid\u00e4n itse kertoa: Tommi Ekholm (puheenjohtaja) Toimin tutkimusprofessorina Ilmatieteen laitoksella, tutkimusaiheenani&hellip; <a class=\"excerpt-more\" href=\"https:\/\/www.operaatiotutkimus.fi\/index.php\/2022\/03\/31\/vuoden-2022-johtokunta-esittaytyy\/\">Lue lis\u00e4\u00e4<\/a><\/span><\/div><div class=\"listing-item\"><a class=\"title\" href=\"https:\/\/www.operaatiotutkimus.fi\/index.php\/2022\/03\/17\/euro-2022-lahestyy\/\">EURO 2022 l\u00e4hestyy<\/a> <span class=\"date\">17.3.2022<\/span> <span class=\"author\">by admin<\/span> <span class=\"excerpt-dash\">-<\/span> <span class=\"excerpt\">FORS, Suomi ja Aalto-yliopiston kampus ovat maailman OR-valokeilassa ensi kes\u00e4n\u00e4 FORSin j\u00e4rjest\u00e4ess\u00e4 Euroopan suurimman operaatiotutkimuksen tapahtuman, EURO-konferenssin, 3.-6.7.2022! Ai mit\u00e4 siell\u00e4 tapahtuu? Ohjelman ydin on osallistujien pit\u00e4m\u00e4t noin 20 minuutin&hellip; <a class=\"excerpt-more\" href=\"https:\/\/www.operaatiotutkimus.fi\/index.php\/2022\/03\/17\/euro-2022-lahestyy\/\">Lue lis\u00e4\u00e4<\/a><\/span><\/div><div class=\"listing-item\"><a class=\"title\" href=\"https:\/\/www.operaatiotutkimus.fi\/index.php\/2021\/10\/28\/jasenkyselyn-tuloksia\/\">J\u00e4senkyselyn tuloksia<\/a> <span class=\"date\">28.10.2021<\/span> <span class=\"author\">by admin<\/span> <span class=\"excerpt-dash\">-<\/span> <span class=\"excerpt\">V\u00e4h\u00e4n aikaa sitten pyysimme vastauksia j\u00e4senkyselyymme, jonka tarkoituksena oli kartoittaa j\u00e4senist\u00f6n toiveita etenkin viestinn\u00e4n ja toiminnan suhteen. Saimme yhteens\u00e4 36 vastausta ja moni n\u00e4ist\u00e4 oli jaksanut my\u00f6s kirjoitella tarkemmin ajatuksistaan.&hellip; <a class=\"excerpt-more\" href=\"https:\/\/www.operaatiotutkimus.fi\/index.php\/2021\/10\/28\/jasenkyselyn-tuloksia\/\">Lue lis\u00e4\u00e4<\/a><\/span><\/div><div class=\"listing-item\"><a class=\"title\" href=\"https:\/\/www.operaatiotutkimus.fi\/index.php\/2021\/09\/28\/euro-2022-espoo-ensimmainen-kutsu-papereille\/\">EURO 2022 Espoo &#8211; ensimm\u00e4inen kutsu papereille<\/a> <span class=\"date\">28.9.2021<\/span> <span class=\"author\">by admin<\/span> <span class=\"excerpt-dash\">-<\/span> <span class=\"excerpt\">Seuramme j\u00e4rjest\u00e4m\u00e4 EURO 2022 -konferenssi l\u00e4hestyy ja nyt on aika avata puhujailmoittautuminen. Alta l\u00f6yd\u00e4t virallisen kutsun. Konferenssin j\u00e4rjestet\u00e4\u00e4n 3-6.7.2022 Aalto-yliopiston kampuksella Espoossa. Viralliset nettisivut l\u00f6yd\u00e4t osoitteesta http:\/\/www.euro2022espoo.com\/ . FIRST ANNOUNCEMENT&hellip; <a class=\"excerpt-more\" href=\"https:\/\/www.operaatiotutkimus.fi\/index.php\/2021\/09\/28\/euro-2022-espoo-ensimmainen-kutsu-papereille\/\">Lue lis\u00e4\u00e4<\/a><\/span><\/div><div class=\"listing-item\"><a class=\"title\" href=\"https:\/\/www.operaatiotutkimus.fi\/index.php\/2021\/03\/22\/idea-operaatiotutkimuksen-ja-analytiikan-opetukseen-realismia-ja-tunnetta-omakohtaisuuden-avulla\/\">Idea Operaatiotutkimuksen ja Analytiikan opetukseen \u2013 realismia ja tunnetta omakohtaisuuden avulla<\/a> <span class=\"date\">22.3.2021<\/span> <span class=\"author\">by Tuomas Lahtinen<\/span> <span class=\"excerpt-dash\">-<\/span> <span class=\"excerpt\">Kehittelen t\u00e4ss\u00e4 tekstiss\u00e4 Operaatiotutkimuksen ja Analytiikan opetukseen liittyv\u00e4\u00e4 ideaa, joka on hautunut mieless\u00e4ni jo aika pitk\u00e4\u00e4n. Oikeastaan siit\u00e4 asti kun olin kurssiassistenttina, mist\u00e4 on kohta kymmenen vuotta. Sittemmin olen valmistunut&hellip; <a class=\"excerpt-more\" href=\"https:\/\/www.operaatiotutkimus.fi\/index.php\/2021\/03\/22\/idea-operaatiotutkimuksen-ja-analytiikan-opetukseen-realismia-ja-tunnetta-omakohtaisuuden-avulla\/\">Lue lis\u00e4\u00e4<\/a><\/span><\/div><div class=\"listing-item\"><a class=\"title\" href=\"https:\/\/www.operaatiotutkimus.fi\/index.php\/2021\/02\/11\/ratkaisuja-viheliaisiin-ongelmiin\/\">Ratkaisuja viheli\u00e4isiin ongelmiin?<\/a> <span class=\"date\">11.2.2021<\/span> <span class=\"author\">by admin<\/span> <span class=\"excerpt-dash\">-<\/span> <span class=\"excerpt\">TkT Tommi EkholmTutkimusprofessori (ilmastonmuutoksen hillint\u00e4), Ilmatieteen laitos Voiko operaatiotutkimuksen menetelmill\u00e4 ratkoa viheli\u00e4isi\u00e4 ongelmia (wicked problems)? Horst Rittel esitteli vuonna 1967 t\u00e4m\u00e4n k\u00e4sitteen, joka tarkoittaa useita ristiriitaisia tavoitteita ja p\u00e4\u00e4t\u00f6ksentekij\u00f6it\u00e4 k\u00e4sitt\u00e4vi\u00e4&hellip; <a class=\"excerpt-more\" href=\"https:\/\/www.operaatiotutkimus.fi\/index.php\/2021\/02\/11\/ratkaisuja-viheliaisiin-ongelmiin\/\">Lue lis\u00e4\u00e4<\/a><\/span><\/div><div class=\"listing-item\"><a class=\"title\" href=\"https:\/\/www.operaatiotutkimus.fi\/index.php\/2020\/10\/06\/haastattelu-vuoden-or-henkilo-2020-peter-ylen\/\">Haastattelu: Vuoden OR-henkil\u00f6 2020 Peter Yl\u00e9n<\/a> <span class=\"date\">6.10.2020<\/span> <span class=\"author\">by Eeva Vilkkumaa<\/span> <span class=\"excerpt-dash\">-<\/span> <span class=\"excerpt\">Suomen operaatiotutkimusseura on valinnut vuoden 2020 OR-henkil\u00f6ksi VTT:n johtavan tutkijan), TkT Peter Yl\u00e9nin. Yl\u00e9n v\u00e4itteli tohtoriksi vuonna 2001 Teknillisest\u00e4 korkeakoulusta automaatio- ja systeemitekniikan alalta. VTT:ll\u00e4 Yl\u00e9n on ty\u00f6skennellyt vuodesta 2005.&hellip; <a class=\"excerpt-more\" href=\"https:\/\/www.operaatiotutkimus.fi\/index.php\/2020\/10\/06\/haastattelu-vuoden-or-henkilo-2020-peter-ylen\/\">Lue lis\u00e4\u00e4<\/a><\/span><\/div><div class=\"listing-item\"><a class=\"title\" href=\"https:\/\/www.operaatiotutkimus.fi\/index.php\/2020\/07\/03\/optimoinnin-soveltamisesta-operatiivisen-toiminnan-suunnitteluun\/\">Optimoinnin soveltamisesta operatiivisen toiminnan suunnitteluun<\/a> <span class=\"date\">3.7.2020<\/span> <span class=\"author\">by Tuomas Lahtinen<\/span> <span class=\"excerpt-dash\">-<\/span> <span class=\"excerpt\">Optimoinnin k\u00e4yt\u00e4nn\u00f6n soveltamisessa tulee vastaan monia n\u00e4k\u00f6kulmia, joita akateemisella puolella ei v\u00e4ltt\u00e4m\u00e4tt\u00e4 tule niin syv\u00e4llisesti pohdittua. T\u00e4m\u00e4 teksti on pieni sukellus monisyiseen aiheeseen, josta minulla on ollut ilo oppia paljon&hellip; <a class=\"excerpt-more\" href=\"https:\/\/www.operaatiotutkimus.fi\/index.php\/2020\/07\/03\/optimoinnin-soveltamisesta-operatiivisen-toiminnan-suunnitteluun\/\">Lue lis\u00e4\u00e4<\/a><\/span><\/div><div class=\"listing-item\"><a class=\"title\" href=\"https:\/\/www.operaatiotutkimus.fi\/index.php\/2020\/06\/01\/operaatiotutkimuksen-soveltaminen-terveydenhuollossa\/\">Operaatiotutkimuksen soveltaminen terveydenhuollossa<\/a> <span class=\"date\">1.6.2020<\/span> <span class=\"author\">by Lauri Neuvonen<\/span> <span class=\"excerpt-dash\">-<\/span> <span class=\"excerpt\">Operaatiotutkimuksen (OR) menetelm\u00e4t sopivat hyvin moniin sairaanhoidon- ja terveydenhuollon kysymyksiin. Niill\u00e4 pystyt\u00e4\u00e4n tuottamaan tietoa p\u00e4\u00e4t\u00f6sten tueksi niin populaatiotason suurissa linjauksissa kuin yksitt\u00e4isen hoitop\u00e4\u00e4t\u00f6ksenkin kohdalla arvioimalla sit\u00e4, mik\u00e4 vaihtoehto, tai kokoelma&hellip; <a class=\"excerpt-more\" href=\"https:\/\/www.operaatiotutkimus.fi\/index.php\/2020\/06\/01\/operaatiotutkimuksen-soveltaminen-terveydenhuollossa\/\">Lue lis\u00e4\u00e4<\/a><\/span><\/div><div class=\"listing-item\"><a class=\"title\" href=\"https:\/\/www.operaatiotutkimus.fi\/index.php\/2020\/03\/24\/operaatiotutkimus-2020-luvulla-riskienhallintaa-ja-niukkuuden-jakamista\/\">Operaatiotutkimus 2020-luvulla \u2013 riskienhallintaa ja niukkuuden jakamista<\/a> <span class=\"date\">24.3.2020<\/span> <span class=\"author\">by Eeva Vilkkumaa<\/span> <span class=\"excerpt-dash\">-<\/span> <span class=\"excerpt\">Musta joutsen \u2013 vai sittenkin likainen valkoinen joutsen? Uusi vuosikymmenen on alkanut myrskyisiss\u00e4 merkeiss\u00e4. Maa toisensa j\u00e4lkeen ryhtyy tiukkoihin toimenpiteisiin koronapandemian levi\u00e4misen hillitsemiseksi. Ulkonaliikkumiskielloista ja muista rajoituksista huolimatta pandemian inhimilliset&hellip; <a class=\"excerpt-more\" href=\"https:\/\/www.operaatiotutkimus.fi\/index.php\/2020\/03\/24\/operaatiotutkimus-2020-luvulla-riskienhallintaa-ja-niukkuuden-jakamista\/\">Lue lis\u00e4\u00e4<\/a><\/span><\/div><\/div>\n\n\n\n<p><\/p>\n","protected":false},"excerpt":{"rendered":"<p>(in English)<\/p>\n","protected":false},"author":1,"featured_media":0,"parent":0,"menu_order":0,"comment_status":"closed","ping_status":"closed","template":"","meta":{"inline_featured_image":false,"footnotes":""},"class_list":["post-656","page","type-page","status-publish","hentry"],"_links":{"self":[{"href":"https:\/\/www.operaatiotutkimus.fi\/index.php\/wp-json\/wp\/v2\/pages\/656","targetHints":{"allow":["GET"]}}],"collection":[{"href":"https:\/\/www.operaatiotutkimus.fi\/index.php\/wp-json\/wp\/v2\/pages"}],"about":[{"href":"https:\/\/www.operaatiotutkimus.fi\/index.php\/wp-json\/wp\/v2\/types\/page"}],"author":[{"embeddable":true,"href":"https:\/\/www.operaatiotutkimus.fi\/index.php\/wp-json\/wp\/v2\/users\/1"}],"replies":[{"embeddable":true,"href":"https:\/\/www.operaatiotutkimus.fi\/index.php\/wp-json\/wp\/v2\/comments?post=656"}],"version-history":[{"count":16,"href":"https:\/\/www.operaatiotutkimus.fi\/index.php\/wp-json\/wp\/v2\/pages\/656\/revisions"}],"predecessor-version":[{"id":705,"href":"https:\/\/www.operaatiotutkimus.fi\/index.php\/wp-json\/wp\/v2\/pages\/656\/revisions\/705"}],"wp:attachment":[{"href":"https:\/\/www.operaatiotutkimus.fi\/index.php\/wp-json\/wp\/v2\/media?parent=656"}],"curies":[{"name":"wp","href":"https:\/\/api.w.org\/{rel}","templated":true}]}}