{"id":435,"date":"2018-06-19T11:31:22","date_gmt":"2018-06-19T08:31:22","guid":{"rendered":"http:\/\/www.operaatiotutkimus.fi\/?page_id=435"},"modified":"2018-06-19T12:46:32","modified_gmt":"2018-06-19T09:46:32","slug":"seuran-historiaa","status":"publish","type":"page","link":"https:\/\/www.operaatiotutkimus.fi\/index.php\/seuran-historiaa\/","title":{"rendered":"Seuran historiaa"},"content":{"rendered":"<h3>Seuran historiaa<\/h3>\n<p>Suomen Operaatiotutkimusseura ry (Finnish Operations Research Society, FORS) syntyi maaliskuussa 1973, jolloin noin 60\u00a0<a href=\"http:\/\/en.wikipedia.org\/wiki\/Operations_research\" target=\"_BLANK\">operaatiotutkimuksesta<\/a>\u00a0kiinnostunutta liike-el\u00e4m\u00e4n, julkisen hallinnon ja korkeakoululaitoksen edustajaa p\u00e4\u00e4tti seuran perustamisesta.<\/p>\n<p>Seuran tarkoituksena on kehitt\u00e4\u00e4 ja edist\u00e4\u00e4 operaatiotutkimusta ja sen soveltamista sek\u00e4 toimia siit\u00e4 kiinnostuneiden henkil\u00f6iden yhdyssiteen\u00e4. Seuraan voi liitty\u00e4 kuka tahansa operaatiotutkimuksesta kiinnostunut henkil\u00f6. Seura j\u00e4rjest\u00e4\u00e4 vuosittain kaksi seminaaria sek\u00e4 ekskursioita operaatiotutkimusta soveltaviin yrityksiin. N\u00e4ist\u00e4 sek\u00e4 seuran muista ajankohtaisista tapahtumista tiedotetaan t\u00e4m\u00e4n sivuston lis\u00e4ksi seuran j\u00e4senlehdess\u00e4 INFORS:issa.<\/p>\n<p>Operaatiotutkimuksen tarkoituksena on avustaa k\u00e4yt\u00e4nn\u00f6n suunnittelua ja p\u00e4\u00e4t\u00f6ksentekoa soveltamalla systemaattisia suunnittelumenetelmi\u00e4 yleens\u00e4 tietotekniikkaa k\u00e4ytt\u00e4en. Se pyrkii lis\u00e4\u00e4m\u00e4\u00e4n johtamisongelmien hallittavuutta ja ymm\u00e4rt\u00e4mist\u00e4 sek\u00e4 luomaan malleja, joilla voidaan tutkia erilaisten p\u00e4\u00e4t\u00f6svaihtoehtojen aiheuttamia seurauksia. Operaatiotutkimuksen menetelmi\u00e4 on sovellettu menestyksekk\u00e4\u00e4sti monilla liikkeenjohdon, teollisuuden ja julkisen hallinnon aloilla.<\/p>\n","protected":false},"excerpt":{"rendered":"<p>Seuran historiaa Suomen Operaatiotutkimusseura ry (Finnish Operations Research Society, FORS) syntyi maaliskuussa 1973, jolloin noin 60\u00a0operaatiotutkimuksesta\u00a0kiinnostunutta liike-el\u00e4m\u00e4n, julkisen hallinnon ja<\/p>\n<p class=\"readmore\"><a href=\"https:\/\/www.operaatiotutkimus.fi\/index.php\/seuran-historiaa\/\" title=\"Read Seuran historiaa\">Read more &raquo;<\/a><\/p>\n","protected":false},"author":1,"featured_media":0,"parent":0,"menu_order":0,"comment_status":"closed","ping_status":"closed","template":"","meta":{"inline_featured_image":false,"footnotes":""},"class_list":["post-435","page","type-page","status-publish","hentry"],"_links":{"self":[{"href":"https:\/\/www.operaatiotutkimus.fi\/index.php\/wp-json\/wp\/v2\/pages\/435","targetHints":{"allow":["GET"]}}],"collection":[{"href":"https:\/\/www.operaatiotutkimus.fi\/index.php\/wp-json\/wp\/v2\/pages"}],"about":[{"href":"https:\/\/www.operaatiotutkimus.fi\/index.php\/wp-json\/wp\/v2\/types\/page"}],"author":[{"embeddable":true,"href":"https:\/\/www.operaatiotutkimus.fi\/index.php\/wp-json\/wp\/v2\/users\/1"}],"replies":[{"embeddable":true,"href":"https:\/\/www.operaatiotutkimus.fi\/index.php\/wp-json\/wp\/v2\/comments?post=435"}],"version-history":[{"count":2,"href":"https:\/\/www.operaatiotutkimus.fi\/index.php\/wp-json\/wp\/v2\/pages\/435\/revisions"}],"predecessor-version":[{"id":444,"href":"https:\/\/www.operaatiotutkimus.fi\/index.php\/wp-json\/wp\/v2\/pages\/435\/revisions\/444"}],"wp:attachment":[{"href":"https:\/\/www.operaatiotutkimus.fi\/index.php\/wp-json\/wp\/v2\/media?parent=435"}],"curies":[{"name":"wp","href":"https:\/\/api.w.org\/{rel}","templated":true}]}}