{"id":4,"date":"2017-10-09T16:24:17","date_gmt":"2017-10-09T13:24:17","guid":{"rendered":"http:\/\/www.operaatiotutkimus.fi\/uudetsivut\/?page_id=4"},"modified":"2021-05-06T13:58:26","modified_gmt":"2021-05-06T10:58:26","slug":"saannot","status":"publish","type":"page","link":"https:\/\/www.operaatiotutkimus.fi\/index.php\/saannot\/","title":{"rendered":"S\u00e4\u00e4nn\u00f6t"},"content":{"rendered":"\n<p>Seuran s\u00e4\u00e4nn\u00f6t on hyv\u00e4ksytty yhdistyksen kokouksissa 17.11.2020 (vaalikokous) sek\u00e4 9.3.2021 ja ne on rekister\u00f6ity Patentti- ja rekisterihallituksen toimesta 6.5.2021. Voit ladata s\u00e4\u00e4nn\u00f6t my\u00f6s <a href=\"https:\/\/www.operaatiotutkimus.fi\/wp-content\/uploads\/2021\/05\/FORS_sa\u0308a\u0308nno\u0308t_hyv2021_PRHn_leimalla.pdf\" target=\"_blank\" rel=\"noreferrer noopener\">t\u00e4\u00e4lt\u00e4<\/a>.<\/p>\n\n\n<p>Kotipaikka<\/p>\n<table>\n<tbody>\n<tr>\n<td>1\u00a7<\/td>\n<td>Seuran nimi on Suomen Operaatiotutkimusseura ry ja kotipaikka on Helsingin kaupunki.<\/td>\n<\/tr>\n<\/tbody>\n<\/table>\n<p>Seuran tarkoitus<\/p>\n<table style=\"height: 70px;\" width=\"1358\" cellspacing=\"0\" cellpadding=\"0\">\n<tbody>\n<tr>\n<td>2\u00a7<\/td>\n<td style=\"text-align: left;\">Seuran tarkoituksena on kehitt\u00e4\u00e4 ja edist\u00e4\u00e4 operaatiotutkimusta ja sen soveltamista sek\u00e4 toimia siit\u00e4 kiinnostuneiden yhdyssiteen\u00e4. Tarkoituksensa saavuttamiseksi seura voi j\u00e4rjest\u00e4\u00e4 kokouksia ja muita tilaisuuksia, asettaa ty\u00f6ryhmi\u00e4, tehd\u00e4 esityksi\u00e4, antaa lausuntoja, julkaista ja tiedottaa sek\u00e4 olla yhteistoiminnassa koti- ja ulkomaisten yhdistysten kanssa. Seura ei harjoita liiketoimintaa eik\u00e4 sen tarkoituksena ole my\u00f6sk\u00e4\u00e4n toimia j\u00e4sentens\u00e4 tai j\u00e4sentens\u00e4 ty\u00f6nantajien etuja ajavana ty\u00f6markkinaj\u00e4rjest\u00f6n\u00e4.<\/td>\n<\/tr>\n<\/tbody>\n<\/table>\n<p>J\u00e4senet<\/p>\n<table>\n<tbody>\n<tr>\n<td>3\u00a7<\/td>\n<td style=\"text-align: left;\">Seuran j\u00e4senet ovat: varsinaiset j\u00e4senet, kunniaj\u00e4senet, kunniapuheenjohtajat ja kannattajaj\u00e4senet. Johtokunta hyv\u00e4ksyy hakemuksesta seuran varsinaiseksi j\u00e4seneksi operaatiotutkimuksesta kiinnostuneet henkil\u00f6t. Kannattajaj\u00e4seneksi voidaan kutsua henkil\u00f6, oikeuskelpoinen yhteis\u00f6 tai s\u00e4\u00e4ti\u00f6, joka tukee taloudellisesti seuran toimintaa.<\/td>\n<\/tr>\n<tr>\n<td>4\u00a7<\/td>\n<td style=\"text-align: left;\">Seuran j\u00e4senen on suoritettava vuosittain seuran vaalikokouksen m\u00e4\u00e4r\u00e4\u00e4m\u00e4 j\u00e4senmaksu tai kannattajaj\u00e4senmaksu.<\/td>\n<\/tr>\n<tr>\n<td>5\u00a7<\/td>\n<td style=\"text-align: left;\">Johtokunta voi my\u00f6nt\u00e4\u00e4 kunniapuheenjohtajan tai kunniaj\u00e4senen arvon ansioituneelle seuran j\u00e4senelle. Kunniapuheenjohtaja ja -j\u00e4sen vapautetaan seuran j\u00e4senmaksusta. Heill\u00e4 on samat oikeudet kuin varsinaisilla j\u00e4senill\u00e4.<\/td>\n<\/tr>\n<\/tbody>\n<\/table>\n<p>Toimihenkil\u00f6 ja johtokunta<\/p>\n<table>\n<tbody>\n<tr>\n<td>6\u00a7<\/td>\n<td style=\"text-align: left;\">Seuran asioita hoitaa sen hallituksena vaalikokouksessa valittu johtokunta, johon kuuluu puheenjohtaja, taloudenhoitaja ja nelj\u00e4 (4) muuta varsinaista j\u00e4sent\u00e4 ja v\u00e4hint\u00e4\u00e4n kolme (3) ja enint\u00e4\u00e4n kuusi (6) varaj\u00e4sent\u00e4, joiden kaikkien toimikausi on yksi kalenterivuosi. Johtokunnan j\u00e4seneksi vaalikelpoisia ovat varsinaiset j\u00e4senet, kunniaj\u00e4senet ja kunniapuheenjohtajat. Johtokunnan j\u00e4sen ei ole vaalikelpoinen kahdeksan per\u00e4tt\u00e4isen toimikauden j\u00e4lkeisen\u00e4 vuonna. Henkil\u00f6 ei voi toimia johtokunnan puheenjohtajana nelj\u00e4nnen per\u00e4tt\u00e4isen puheenjohtajana toimimansa toimikauden j\u00e4lkeisen\u00e4 vuonna. Johtokunta valitsee keskuudestaan varapuheenjohtajan, ottaa sihteerin ja nimitt\u00e4\u00e4 mahdolliset muut tarvittavat virkailijat. Mik\u00e4li johtokunnan varsinainen j\u00e4sen eroaa seurasta tai ilmoittaa olevansa pysyv\u00e4sti esteellinen, niin johtokunta kutsuu h\u00e4nen tilalleen varaj\u00e4senen vaalikokouksen p\u00e4\u00e4tt\u00e4m\u00e4ss\u00e4 j\u00e4rjestyksess\u00e4.<\/td>\n<\/tr>\n<tr>\n<td>7\u00a7<\/td>\n<td style=\"text-align: left;\">Johtokunta kokoontuu tarpeen vaatiessa puheenjohtajan kutsumana<br \/>tai jos v\u00e4hint\u00e4\u00e4n kolmannes johtokunnan j\u00e4senist\u00e4 sit\u00e4 haluaa ja on<br \/>p\u00e4\u00e4t\u00f6svaltainen, kun puheenjohtaja tai varapuheenjohtaja ja v\u00e4hint\u00e4\u00e4n kaksi muuta johtokunnan j\u00e4sent\u00e4 ovat l\u00e4sn\u00e4. P\u00e4\u00e4t\u00f6kset tehd\u00e4\u00e4n yksinkertaisella \u00e4\u00e4ntenenemmist\u00f6ll\u00e4. \u00c4\u00e4nten menness\u00e4 tasan ratkaisee arpa. Johtokunnan kokouksissa on sihteerill\u00e4 ja varaj\u00e4senill\u00e4 l\u00e4sn\u00e4olo- ja puheoikeus.<\/td>\n<\/tr>\n<tr>\n<td>8\u00a7<\/td>\n<td style=\"text-align: left;\">Seuran nimen kirjoittaa johtokunnan puheenjohtaja, varapuheenjohtaja tai sihteeri, kukin yksin. Seuran hallitus voi antaa seuran toimihenkil\u00f6lle, ty\u00f6ntekij\u00e4lle tai j\u00e4senelle oikeuden kirjoittaa seuran nimen yksin.<\/td>\n<\/tr>\n<\/tbody>\n<\/table>\n<p>Kokoukset<\/p>\n<table>\n<tbody>\n<tr>\n<td>9\u00a7<\/td>\n<td style=\"text-align: left;\">Johtokunta kutsuu seuran koolle v\u00e4hint\u00e4\u00e4n kaksi viikkoa ennen kokousta j\u00e4senille l\u00e4hetett\u00e4v\u00e4ll\u00e4 kirjallisella ilmoituksella sek\u00e4 huolehtii esitett\u00e4vien asioiden valmistelusta. Seura on kutsuttava kuukauden kuluessa koolle, mik\u00e4li v\u00e4hint\u00e4\u00e4n 1\/10 j\u00e4senm\u00e4\u00e4r\u00e4st\u00e4 sit\u00e4 kirjallisesti vaatii. Johtokunta voi p\u00e4\u00e4tt\u00e4\u00e4 j\u00e4senten mahdollisuudesta osallistua kokoukseen my\u00f6s postitse tai tietoliikenneyhteyden avulla.<\/td>\n<\/tr>\n<tr>\n<td>10\u00a7<\/td>\n<td>\n<p style=\"text-align: left;\">Seuran vaalikokous pidet\u00e4\u00e4n vuosittain 1.10. &#8211; 30.11. v\u00e4lisen\u00e4 aikana ja siin\u00e4 k\u00e4sitell\u00e4\u00e4n seuraavat asiat:<br \/>1. valitaan kokouksen puheenjohtaja ja sihteeri sek\u00e4 kaksi p\u00f6yt\u00e4kirjan tarkastajaa ja \u00e4\u00e4ntenlaskijaa<\/p>\n<p style=\"text-align: left;\">2. vahvistetaan johtokunnan esitys seuraavan vuoden toimintasuunnitelmaksi ja talousarvioksi sek\u00e4 j\u00e4senmaksun suuruus<\/p>\n<p style=\"text-align: left;\">3. valitaan johtokunnan puheenjohtaja, taloudenhoitaja sek\u00e4 muut j\u00e4senet<\/p>\n<p style=\"text-align: left;\">4. valitaan yksi tai kaksi toiminnantarkastajaa ja varatoiminnantarkastajaa taikka yksi tai kaksi tilintarkastajaa ja varatilintarkastajaa<\/p>\n<p style=\"text-align: left;\">5. k\u00e4sitell\u00e4\u00e4n muut asiat, jotka on kirjallisesti esitetty johtokunnalle viimeist\u00e4\u00e4n kaksikymment\u00e4 (20) p\u00e4iv\u00e4\u00e4 ennen vaalikokousta.<\/p>\n<\/td>\n<\/tr>\n<tr>\n<td>11\u00a7<\/td>\n<td>\n<p style=\"text-align: left;\">Seuran vuosikokous pidet\u00e4\u00e4n vuosittain 1.4.-31.5. v\u00e4lisen\u00e4 aikana ja siin\u00e4 k\u00e4sitell\u00e4\u00e4n seuraavat asiat:<\/p>\n<p style=\"text-align: left;\">1. valitaan kokouksen puheenjohtaja ja sihteeri sek\u00e4 kaksi p\u00f6yt\u00e4kirjan tarkastajaa ja \u00e4\u00e4ntenlaskijaa<\/p>\n<p style=\"text-align: left;\">2. esitet\u00e4\u00e4n johtokunnan vuosikertomus, tilinp\u00e4\u00e4t\u00f6s ja tilintarkastajien lausunto<\/p>\n<p style=\"text-align: left;\">3. p\u00e4\u00e4tet\u00e4\u00e4n tilinp\u00e4\u00e4t\u00f6ksen vahvistamisesta ja vastuuvapauden my\u00f6nt\u00e4misest\u00e4 johtokunnalle tai muista toimenpiteist\u00e4, joihin vuoden kuluessa pidetty hallinto ja tilit antavat aihetta<\/p>\n<p style=\"text-align: left;\">4. k\u00e4sitell\u00e4\u00e4n muut asiat, jotka on kirjallisesti esitetty johtokunnalle viimeist\u00e4\u00e4n kaksikymment\u00e4 (20) p\u00e4iv\u00e4\u00e4 ennen vuosikokousta.<\/p>\n<\/td>\n<\/tr>\n<tr>\n<td>12 \u00a7<\/td>\n<td style=\"text-align: left;\">Kokouksissa on jokaisella varsinaisella j\u00e4senell\u00e4, kunniaj\u00e4senell\u00e4 ja kunniapuheenjohtajalla yksi \u00e4\u00e4ni. P\u00e4\u00e4t\u00f6kset tehd\u00e4\u00e4n yksinkertaisella \u00e4\u00e4ntenenemmist\u00f6ll\u00e4 lukuunottamatta 17 \u00a7 mainittuja tapauksia. \u00c4\u00e4nten menness\u00e4 tasan ratkaisee arpa.<\/td>\n<\/tr>\n<\/tbody>\n<\/table>\n<p>Omaisuuden hoito<\/p>\n<table>\n<tbody>\n<tr>\n<td>13\u00a7<\/td>\n<td style=\"text-align: left;\">Seuran tilit p\u00e4\u00e4tet\u00e4\u00e4n kalenterivuosittain. Tilit sek\u00e4 johtokunnan laatima vuosikertomus sek\u00e4 muut tarpeelliset tilej\u00e4 ja hallintoa koskevat asiakirjat on helmikuun kuluessa annettava seuran tilintarkastajille hallinnon ja tilien tarkastamista varten.<\/td>\n<\/tr>\n<tr>\n<td>14\u00a7<\/td>\n<td style=\"text-align: left;\">Tilintarkastajien tulee maaliskuun loppuun menness\u00e4 antaa johtokunnalle seuran vuosikokoukselle osoitettu kertomus toimittamastaan seuran hallinnon ja tilien tarkastamisesta.<\/td>\n<\/tr>\n<tr>\n<td>15\u00a7<\/td>\n<td style=\"text-align: left;\">Seuran arvopaperit ja vakuudet s\u00e4ilytet\u00e4\u00e4n pankkiholvissa.<\/td>\n<\/tr>\n<tr>\n<td>16\u00a7<\/td>\n<td style=\"text-align: left;\">Seuran rahasto(j)a hoidetaan niiden erikoiss\u00e4\u00e4nt\u00f6jen mukaisesti.<\/td>\n<\/tr>\n<\/tbody>\n<\/table>\n<p>Muita m\u00e4\u00e4r\u00e4yksi\u00e4<\/p>\n<table>\n<tbody>\n<tr>\n<td>17\u00a7<\/td>\n<td style=\"text-align: left;\">Jos p\u00e4\u00e4t\u00f6s koskee seuran s\u00e4\u00e4nt\u00f6jen muuttamista tai seuran purkamista, vaaditaan 3\/4 \u00e4\u00e4nestyksess\u00e4 annetuista \u00e4\u00e4nist\u00e4 sek\u00e4 p\u00e4\u00e4t\u00f6ksen vahvistaminen v\u00e4hint\u00e4\u00e4n kuukauden kuluttua pidett\u00e4v\u00e4ss\u00e4 seuran kokouksessa samanlaisella \u00e4\u00e4nten enemmist\u00f6ll\u00e4.<\/td>\n<\/tr>\n<tr>\n<td>18\u00a7<\/td>\n<td style=\"text-align: left;\">Seuran purkautuessa tai tullessa lakkautetuksi luovutetaan seuran rahastot, arkisto ja muut varat jollekin seuran tarkoituksen hyv\u00e4ksi ty\u00f6skentelev\u00e4lle suomalaiselle rekister\u00f6idylle seuralle tai oikeuskelpoiselle yhteis\u00f6lle.<\/td>\n<\/tr>\n<\/tbody>\n<\/table>\n<h2>\u00a0<\/h2>","protected":false},"excerpt":{"rendered":"<p>Seuran s\u00e4\u00e4nn\u00f6t on hyv\u00e4ksytty yhdistyksen kokouksissa 17.11.2020 (vaalikokous) sek\u00e4 9.3.2021 ja ne on rekister\u00f6ity Patentti- ja rekisterihallituksen toimesta 6.5.2021. Voit<\/p>\n<p class=\"readmore\"><a href=\"https:\/\/www.operaatiotutkimus.fi\/index.php\/saannot\/\" title=\"Read S\u00e4\u00e4nn\u00f6t\">Read more &raquo;<\/a><\/p>\n","protected":false},"author":1,"featured_media":0,"parent":0,"menu_order":0,"comment_status":"closed","ping_status":"closed","template":"","meta":{"inline_featured_image":false,"footnotes":""},"class_list":["post-4","page","type-page","status-publish","hentry"],"_links":{"self":[{"href":"https:\/\/www.operaatiotutkimus.fi\/index.php\/wp-json\/wp\/v2\/pages\/4","targetHints":{"allow":["GET"]}}],"collection":[{"href":"https:\/\/www.operaatiotutkimus.fi\/index.php\/wp-json\/wp\/v2\/pages"}],"about":[{"href":"https:\/\/www.operaatiotutkimus.fi\/index.php\/wp-json\/wp\/v2\/types\/page"}],"author":[{"embeddable":true,"href":"https:\/\/www.operaatiotutkimus.fi\/index.php\/wp-json\/wp\/v2\/users\/1"}],"replies":[{"embeddable":true,"href":"https:\/\/www.operaatiotutkimus.fi\/index.php\/wp-json\/wp\/v2\/comments?post=4"}],"version-history":[{"count":15,"href":"https:\/\/www.operaatiotutkimus.fi\/index.php\/wp-json\/wp\/v2\/pages\/4\/revisions"}],"predecessor-version":[{"id":849,"href":"https:\/\/www.operaatiotutkimus.fi\/index.php\/wp-json\/wp\/v2\/pages\/4\/revisions\/849"}],"wp:attachment":[{"href":"https:\/\/www.operaatiotutkimus.fi\/index.php\/wp-json\/wp\/v2\/media?parent=4"}],"curies":[{"name":"wp","href":"https:\/\/api.w.org\/{rel}","templated":true}]}}