{"id":393,"date":"2018-06-19T16:17:40","date_gmt":"2018-06-19T13:17:40","guid":{"rendered":"http:\/\/www.operaatiotutkimus.fi\/?page_id=393"},"modified":"2020-03-25T10:11:32","modified_gmt":"2020-03-25T08:11:32","slug":"aikaisemmat-seminaarit","status":"publish","type":"page","link":"https:\/\/www.operaatiotutkimus.fi\/index.php\/aikaisemmat-seminaarit\/","title":{"rendered":"Aikaisemmat seminaarit"},"content":{"rendered":"\n<h3 class=\"wp-block-heading\"><a href=\"https:\/\/www.operaatiotutkimus.fi\/index.php\/2019\/10\/02\/parempaa-ymparistopaatoksentekoa-matemaattisilla-malleilla-seminaari-21-11-2019\/\">Parempaa ymp\u00e4rist\u00f6p\u00e4\u00e4t\u00f6ksentekoa matemaattisilla malleilla<\/a><\/h3>\n\n\n\n<p>21.11.2019, Tieteiden talo, Helsinki<\/p>\n\n\n\n<p><strong>\u201dSysteemianalyysin soveltaminen ymp\u00e4rist\u00f6p\u00e4\u00e4t\u00f6ksenteossa ja ymp\u00e4rist\u00f6arvioinneissa \u2013 Esimerkkej\u00e4 menetelmi\u00e4 soveltavista projekteista Suomen ymp\u00e4rist\u00f6keskuksessa\u201d<\/strong><br><em>Jyri Mustajoki<\/em>, Suomen Ymp\u00e4rist\u00f6keskus<br>Erikoistutkija, Vesien hallinta ja arviointi<\/p>\n\n\n\n<p><strong>\u201dNumeroita ilmastopolitiikan tueksi \u2013 haasteena monitasoinen p\u00e4\u00e4t\u00f6ksentekoprosessi\u201d<\/strong><br><em>Tommi Ekholm<\/em>, Ilmatieteen laitos<br>Tutkimusprofessori<\/p>\n\n\n\n<p><strong>\u201dMoniskaalaiset energiaj\u00e4rjestelm\u00e4mallit p\u00e4\u00e4t\u00f6ksenteon tukena\u201d<\/strong><br><em>Juha Kiviluoma<\/em>, VTT<br>Senior Scientist, Power systems and renewables<\/p>\n\n\n\n<p><strong>\u201dMatemaattiset mallit liikenteen p\u00e4\u00e4st\u00f6jen v\u00e4hent\u00e4misen tukena\u201d<\/strong><br><em>Touko V\u00e4\u00e4n\u00e4nen<\/em>, FLOU<br>Data-analyytikko<\/p>\n\n\n\n<hr class=\"wp-block-separator\"\/>\n\n\n\n<h3 class=\"wp-block-heading\"><a href=\"https:\/\/www.operaatiotutkimus.fi\/index.php\/2019\/04\/12\/analytiikan-ja-orn-soveltaminen-henkilostoresurssien-suunnittelussa-seminaari-6-6-2019\/\">Analytiikan ja OR:n soveltaminen henkil\u00f6st\u00f6resurssien suunnittelussa<\/a><\/h3>\n\n\n\n<p>6.6.2019, Tieteiden talo, Helsinki<\/p>\n\n\n\n<p><strong>\u201dK\u00e4yt\u00e4nn\u00f6n n\u00e4k\u00f6kulmia henkil\u00f6st\u00f6resurssien suunnitteluun\u201d<\/strong><br><em>Toni Riekkinen<\/em>, Swissport<br>Regional Process Manager<\/p>\n\n\n\n<p><strong>\u201dResurssisuunnittelu systeemianalyytikon silmin\u201d<\/strong><br><em>Tuomas Lahtinen<\/em>, Weoptit \/ Visma Consulting<br>Head of Development, Dep. CEO<\/p>\n\n\n\n<p><strong>\u201dManaging complexity in basic delivery resource planning\u201d<\/strong><br><em>Riku Tapper<\/em>, Posti Group<br>Head of AI Center of Excellence<\/p>\n\n\n\n<p><strong>\u201dTehokkuuden ja laadun parantaminen veturinkuljettajien suunnittelussa\u201d<\/strong><br><em>Teemu Kinnunen<\/em>, VR Group<br>Analyst<\/p>\n\n\n\n<hr class=\"wp-block-separator\"\/>\n\n\n\n<h3 class=\"wp-block-heading\"><a href=\"https:\/\/www.operaatiotutkimus.fi\/index.php\/2018\/10\/19\/analytiikka-paattajien-tukena-kokemuksia-matemaattisten-mallien-hyodyntamisesta-organisaatioissa-seminaari-28-11-2018\/\">Analytiikka p\u00e4\u00e4tt\u00e4jien tukena: Kokemuksia matemaattisten mallien hy\u00f6dynt\u00e4misest\u00e4 organisaatioissa<\/a><\/h3>\n\n\n\n<p>28.11.2018, Tieteiden talo, Helsinki<br><br>Anssi K\u00e4ki:\u00a0\u201dUlkoistaa vai ei? Sis\u00e4isen analytiikkafunktion hy\u00f6dyt\u201d<br>Joonas Ollila:\u00a0\u201dTiedolla johtaminen pitk\u00e4n aikav\u00e4lin p\u00e4\u00e4t\u00f6ksenteossa\u201d<br>Riikka Siljander:\u00a0\u201dMatemaattiset mallit poliittisen p\u00e4\u00e4t\u00f6ksenteon tukena\u201d<br>Petri Rikkinen:\u00a0\u201dSuurin ep\u00e4varmuus \u2013 ihminen. Miten mallit saa osaksi p\u00e4\u00e4t\u00f6ksentekoa\u201d<\/p>\n\n\n\n<hr class=\"wp-block-separator\"\/>\n\n\n<h3><a href=\"https:\/\/www.operaatiotutkimus.fi\/index.php\/2018\/03\/26\/tekoaly-ennustaja-neuvonantaja-vai-paatoksentekija-seminaari-19-4\/\">TEKO\u00c4LY: ENNUSTAJA, NEUVONANTAJA VAI P\u00c4\u00c4T\u00d6KSENTEKIJ\u00c4?<\/a><\/h3>\n<p>19.4.2018, S\u00e4\u00e4tytalo, Helsinki<\/p>\n<p>Pekka Malo, Aalto-yliopisto: Parempia p\u00e4\u00e4t\u00f6ksi\u00e4 koneoppimisen avulla?<br \/>Joona Kaivosoja, UPM: \u00c4lyk\u00e4st\u00e4 ennustamista palveluna<br \/>Pekka Mild, Maintpartner: Koneoppiminen teollisuusprosessien valvonnassa \u2013 hyv\u00e4 neuvonantaja, ei viel\u00e4 p\u00e4\u00e4t\u00f6ksentekij\u00e4<br \/>Petri K\u00e4rk\u00e4s, Supercell: Automaattinen p\u00e4\u00e4t\u00f6ksenteko petatavuskaalan datam\u00e4\u00e4rill\u00e4<\/p>\n<hr \/>\n<h3>DEMOKRATIA JA ANALYTIIKKA!<\/h3>\n<h4>Vaalit ja ryhm\u00e4p\u00e4\u00e4t\u00f6ksenteko analyyttisten silm\u00e4lasien l\u00e4pi<\/h4>\n<p>16.11.2017, Tieteiden talo, Helsinki<\/p>\n<p>Hannu Nurmi, Turun yliopisto: Voiko \u00e4\u00e4nestysparadokseista oppia jotakin?<br \/>Juha T\u00f6rm\u00e4nen, Inforglobe: Yksil\u00f6arvioista jaettuun kuvaan &#8211; ty\u00f6kaluja yhteisen ymm\u00e4rryksen rakentamiseen<br \/>Tommi Pajala, Aalto-yliopisto: Miten vaalikone laskee suositukset?<br \/>Tuomas Lahtinen, Aalto-yliopisto: L\u00e4pin\u00e4kyvyytt\u00e4 analytiikkaan &#8211; inhimilliset ajurit ja polkuriippuuvuus<\/p>\n<p>Paneeli:\u00a0Demokratia ja analytiikka<br \/>Sirpa Pietik\u00e4inen,\u00a0Euroopan parlamentti + puhujat<\/p>\n<hr \/>","protected":false},"excerpt":{"rendered":"<p>Parempaa ymp\u00e4rist\u00f6p\u00e4\u00e4t\u00f6ksentekoa matemaattisilla malleilla 21.11.2019, Tieteiden talo, Helsinki \u201dSysteemianalyysin soveltaminen ymp\u00e4rist\u00f6p\u00e4\u00e4t\u00f6ksenteossa ja ymp\u00e4rist\u00f6arvioinneissa \u2013 Esimerkkej\u00e4 menetelmi\u00e4 soveltavista projekteista Suomen ymp\u00e4rist\u00f6keskuksessa\u201dJyri<\/p>\n<p class=\"readmore\"><a href=\"https:\/\/www.operaatiotutkimus.fi\/index.php\/aikaisemmat-seminaarit\/\" title=\"Read Aikaisemmat seminaarit\">Read more &raquo;<\/a><\/p>\n","protected":false},"author":1,"featured_media":0,"parent":0,"menu_order":0,"comment_status":"closed","ping_status":"closed","template":"","meta":{"inline_featured_image":false,"footnotes":""},"class_list":["post-393","page","type-page","status-publish","hentry"],"_links":{"self":[{"href":"https:\/\/www.operaatiotutkimus.fi\/index.php\/wp-json\/wp\/v2\/pages\/393","targetHints":{"allow":["GET"]}}],"collection":[{"href":"https:\/\/www.operaatiotutkimus.fi\/index.php\/wp-json\/wp\/v2\/pages"}],"about":[{"href":"https:\/\/www.operaatiotutkimus.fi\/index.php\/wp-json\/wp\/v2\/types\/page"}],"author":[{"embeddable":true,"href":"https:\/\/www.operaatiotutkimus.fi\/index.php\/wp-json\/wp\/v2\/users\/1"}],"replies":[{"embeddable":true,"href":"https:\/\/www.operaatiotutkimus.fi\/index.php\/wp-json\/wp\/v2\/comments?post=393"}],"version-history":[{"count":19,"href":"https:\/\/www.operaatiotutkimus.fi\/index.php\/wp-json\/wp\/v2\/pages\/393\/revisions"}],"predecessor-version":[{"id":691,"href":"https:\/\/www.operaatiotutkimus.fi\/index.php\/wp-json\/wp\/v2\/pages\/393\/revisions\/691"}],"wp:attachment":[{"href":"https:\/\/www.operaatiotutkimus.fi\/index.php\/wp-json\/wp\/v2\/media?parent=393"}],"curies":[{"name":"wp","href":"https:\/\/api.w.org\/{rel}","templated":true}]}}