{"id":355,"date":"2018-03-23T15:55:47","date_gmt":"2018-03-23T13:55:47","guid":{"rendered":"http:\/\/www.operaatiotutkimus.fi\/?page_id=355"},"modified":"2018-03-23T15:55:47","modified_gmt":"2018-03-23T13:55:47","slug":"jasenrekisterin-rekisteriseloste","status":"publish","type":"page","link":"https:\/\/www.operaatiotutkimus.fi\/index.php\/jasenrekisterin-rekisteriseloste\/","title":{"rendered":"J\u00e4senrekisterin rekisteriseloste"},"content":{"rendered":"<p>Suomen laki vaatii j\u00e4senrekisterin yll\u00e4pit\u00e4j\u00e4\u00e4 julkaisemaan rekisteriselosteen yll\u00e4pit\u00e4m\u00e4st\u00e4\u00e4n henkil\u00f6rekisterist\u00e4. Suomen operaatiotutkimusseuran j\u00e4senrekisterin rekisteriseloste on ladattavissa alta. Selosteeseen tai j\u00e4senrekisteriin liittyviss\u00e4 asioissa, olethan yhteydess\u00e4 seuran sihteeriin (sihteeri \u00e4t operaatiotutkimus.fi).<\/p>\n<p><a href=\"https:\/\/www.operaatiotutkimus.fi\/wp-content\/uploads\/2018\/03\/Rekisteriseloste_j\u00e4senrekisteri_23032018.pdf\">Rekisteriseloste_j\u00e4senrekisteri_23032018<\/a><\/p>\n","protected":false},"excerpt":{"rendered":"<p>Suomen laki vaatii j\u00e4senrekisterin yll\u00e4pit\u00e4j\u00e4\u00e4 julkaisemaan rekisteriselosteen yll\u00e4pit\u00e4m\u00e4st\u00e4\u00e4n henkil\u00f6rekisterist\u00e4. Suomen operaatiotutkimusseuran j\u00e4senrekisterin rekisteriseloste on ladattavissa alta. Selosteeseen tai j\u00e4senrekisteriin liittyviss\u00e4<\/p>\n<p class=\"readmore\"><a href=\"https:\/\/www.operaatiotutkimus.fi\/index.php\/jasenrekisterin-rekisteriseloste\/\" title=\"Read J\u00e4senrekisterin rekisteriseloste\">Read more &raquo;<\/a><\/p>\n","protected":false},"author":1,"featured_media":0,"parent":0,"menu_order":0,"comment_status":"closed","ping_status":"closed","template":"","meta":{"inline_featured_image":false,"footnotes":""},"class_list":["post-355","page","type-page","status-publish","hentry"],"_links":{"self":[{"href":"https:\/\/www.operaatiotutkimus.fi\/index.php\/wp-json\/wp\/v2\/pages\/355","targetHints":{"allow":["GET"]}}],"collection":[{"href":"https:\/\/www.operaatiotutkimus.fi\/index.php\/wp-json\/wp\/v2\/pages"}],"about":[{"href":"https:\/\/www.operaatiotutkimus.fi\/index.php\/wp-json\/wp\/v2\/types\/page"}],"author":[{"embeddable":true,"href":"https:\/\/www.operaatiotutkimus.fi\/index.php\/wp-json\/wp\/v2\/users\/1"}],"replies":[{"embeddable":true,"href":"https:\/\/www.operaatiotutkimus.fi\/index.php\/wp-json\/wp\/v2\/comments?post=355"}],"version-history":[{"count":1,"href":"https:\/\/www.operaatiotutkimus.fi\/index.php\/wp-json\/wp\/v2\/pages\/355\/revisions"}],"predecessor-version":[{"id":357,"href":"https:\/\/www.operaatiotutkimus.fi\/index.php\/wp-json\/wp\/v2\/pages\/355\/revisions\/357"}],"wp:attachment":[{"href":"https:\/\/www.operaatiotutkimus.fi\/index.php\/wp-json\/wp\/v2\/media?parent=355"}],"curies":[{"name":"wp","href":"https:\/\/api.w.org\/{rel}","templated":true}]}}