{"id":31,"date":"2017-10-24T23:27:13","date_gmt":"2017-10-24T20:27:13","guid":{"rendered":"http:\/\/www.operaatiotutkimus.fi\/uudetsivut\/?page_id=31"},"modified":"2024-09-25T12:53:56","modified_gmt":"2024-09-25T09:53:56","slug":"frontpage","status":"publish","type":"page","link":"https:\/\/www.operaatiotutkimus.fi\/","title":{"rendered":"Frontpage"},"content":{"rendered":"\n<h3 class=\"wp-block-heading\"><img loading=\"lazy\" decoding=\"async\" class=\"aligncenter wp-image-405\" src=\"https:\/\/www.operaatiotutkimus.fi\/wp-content\/uploads\/2018\/06\/FORS_logo_2018_FI.jpeg\" alt=\"\" width=\"1200\" height=\"340\"><\/h3>\n\n\n\n<p>Operaatiotutkimus kehitt\u00e4\u00e4 ja soveltaa matemaattisia malleja liikkeenjohdon, teollisuuden ja julkisen hallinnon p\u00e4\u00e4t\u00f6ksenteon tueksi. N\u00e4iss\u00e4 malleissa k\u00e4ytet\u00e4\u00e4n muun muassa optimoinnin, simuloinnin, p\u00e4\u00e4t\u00f6sanalyysin, <span class=\"gmail-il\">koneoppimisen<\/span> ja tilastotieteen menetelmi\u00e4. Operaatiotutkimuksesta k\u00e4ytet\u00e4\u00e4n nyky\u00e4\u00e4n my\u00f6s usein nimityst\u00e4 analytiikka.<\/p>\n\n\n\n<p>Suomen Operaatiotutkimusseuran (Finnish Operations Research Society,\u00a0FORS) teht\u00e4v\u00e4n\u00e4 on edist\u00e4\u00e4 operaatiotutkimuksen ja analytiikan kehitt\u00e4mist\u00e4 ja hy\u00f6dynt\u00e4mist\u00e4 Suomessa.\u00a0 Toimimme linkkin\u00e4 yritysten, julkishallinnon ja akateemisen maailman v\u00e4lill\u00e4. Edesautamme uusimman tutkimustiedon siirtymist\u00e4 k\u00e4yt\u00e4nt\u00f6\u00f6n ja edist\u00e4mme sovellusl\u00e4ht\u00f6ist\u00e4 akateemista tutkimusta ja opetusta. Lis\u00e4ksi toimimme aktiivisena yhdyskanavana operaatiotutkimusosaajien ja ty\u00f6nantajien v\u00e4lill\u00e4. J\u00e4seni\u00e4 meill\u00e4 on noin 240. FORS on eurooppalaisen kattoj\u00e4rjest\u00f6n <a href=\"http:\/\/euro-online.org\">EUROn<\/a> (Association of European Operational Research Societies within IFORS) ja kansainv\u00e4lisen kattoj\u00e4rjest\u00f6n <a href=\"http:\/\/ifors.org\">IFORSin<\/a> (International Federation of Operational Research Societies) j\u00e4sen.<\/p>\n\n\n\n<p>FORS j\u00e4rjest\u00e4\u00e4 vuosittain kaksi <a href=\"https:\/\/www.operaatiotutkimus.fi\/index.php\/tapahtumat\/\">seminaaria<\/a>, joissa pureudutaan operaatiotutkimuksen ajankohtaisiin teemoihin. Seminaareihin kutsutaan puhujiksi ja panelisteiksi johtavia operaatiotutkimuksen asiantuntijoita yrityksist\u00e4, julkishallinnosta ja yliopistoista. Operaatiotutkimuksen ajankohtaisia teemoja k\u00e4sitell\u00e4\u00e4n my\u00f6s <a href=\"https:\/\/www.operaatiotutkimus.fi\/index.php\/infors-blogi\/\">INFORS-blogissamme.<\/a> Blogi on jatkoa vuoden 2019 syksyyn asti ilmestyneelle <a href=\"https:\/\/www.operaatiotutkimus.fi\/index.php\/jasenlehti\/\">INFORS-j\u00e4senlehdellemme<\/a>. Lis\u00e4ksi julkaisemme sivuillamme ja sosiaalisen median kanavissamme operaatiotutkimusalan <a href=\"https:\/\/www.operaatiotutkimus.fi\/index.php\/tyopaikat\/\">ty\u00f6paikkailmoituksia<\/a>.<\/p>\n\n\n\n<p>Vuonna 2023 j\u00e4rjestettiin vuosijuhlakonferenssi nimelt\u00e4\u00e4n FORS50. Tapahtumasta l\u00f6ytyy lis\u00e4infoa <a href=\"https:\/\/www.operaatiotutkimus.fi\/index.php\/fors50-suomeksi\/\">t\u00e4\u00e4lt\u00e4<\/a>.<\/p>\n\n\n\n<p><a href=\"https:\/\/www.operaatiotutkimus.fi\/index.php\/liity-jaseneksi\/\">Liity j\u00e4seneksi!&nbsp;<\/a>J\u00e4senen\u00e4 olet oikeutettu osallistumaan seminaareihimme edulliseen j\u00e4senhintaan. J\u00e4seneksi voi liitty\u00e4 kuka tahansa operaatiotutkimuksesta ja seuran toiminnasta kiinnostunut henkil\u00f6.<\/p>\n\n\n\n<p><a href=\"https:\/\/www.facebook.com\/operaatiotutkimus\/\"><i class=\"fa fa-facebook-square fa-4x \" ><\/i>&nbsp;<\/a><a href=\"https:\/\/www.linkedin.com\/company\/suomen-operaatiotutkimusseura-ry\"><i class=\"fa fa-linkedin-square fa-4x \" ><\/i><\/a><\/p>\n","protected":false},"excerpt":{"rendered":"<p>Operaatiotutkimus kehitt\u00e4\u00e4 ja soveltaa matemaattisia malleja liikkeenjohdon, teollisuuden ja julkisen hallinnon p\u00e4\u00e4t\u00f6ksenteon tueksi. N\u00e4iss\u00e4 malleissa k\u00e4ytet\u00e4\u00e4n muun muassa optimoinnin, simuloinnin,<\/p>\n<p class=\"readmore\"><a href=\"https:\/\/www.operaatiotutkimus.fi\/\" title=\"Read Frontpage\">Read more &raquo;<\/a><\/p>\n","protected":false},"author":1,"featured_media":0,"parent":0,"menu_order":0,"comment_status":"closed","ping_status":"closed","template":"","meta":{"inline_featured_image":false,"footnotes":""},"class_list":["post-31","page","type-page","status-publish","hentry"],"_links":{"self":[{"href":"https:\/\/www.operaatiotutkimus.fi\/index.php\/wp-json\/wp\/v2\/pages\/31","targetHints":{"allow":["GET"]}}],"collection":[{"href":"https:\/\/www.operaatiotutkimus.fi\/index.php\/wp-json\/wp\/v2\/pages"}],"about":[{"href":"https:\/\/www.operaatiotutkimus.fi\/index.php\/wp-json\/wp\/v2\/types\/page"}],"author":[{"embeddable":true,"href":"https:\/\/www.operaatiotutkimus.fi\/index.php\/wp-json\/wp\/v2\/users\/1"}],"replies":[{"embeddable":true,"href":"https:\/\/www.operaatiotutkimus.fi\/index.php\/wp-json\/wp\/v2\/comments?post=31"}],"version-history":[{"count":77,"href":"https:\/\/www.operaatiotutkimus.fi\/index.php\/wp-json\/wp\/v2\/pages\/31\/revisions"}],"predecessor-version":[{"id":1385,"href":"https:\/\/www.operaatiotutkimus.fi\/index.php\/wp-json\/wp\/v2\/pages\/31\/revisions\/1385"}],"wp:attachment":[{"href":"https:\/\/www.operaatiotutkimus.fi\/index.php\/wp-json\/wp\/v2\/media?parent=31"}],"curies":[{"name":"wp","href":"https:\/\/api.w.org\/{rel}","templated":true}]}}