{"id":276,"date":"2017-11-02T11:58:42","date_gmt":"2017-11-02T09:58:42","guid":{"rendered":"http:\/\/www.operaatiotutkimus.fi\/uudetsivut\/?page_id=276"},"modified":"2022-10-24T12:29:13","modified_gmt":"2022-10-24T09:29:13","slug":"tapahtumat","status":"publish","type":"page","link":"https:\/\/www.operaatiotutkimus.fi\/index.php\/tapahtumat\/","title":{"rendered":"Tapahtumat"},"content":{"rendered":"<p>T\u00e4ss\u00e4 n\u00e4et listan seuran tapahtumista:<\/p>\n<ul class=\"display-posts-listing\"><li class=\"listing-item\"><a class=\"title\" href=\"https:\/\/www.operaatiotutkimus.fi\/index.php\/2026\/04\/07\/seminaari-operaatiotutkimuksen-rooli-maanpuolustuksessa-ja-puolustusalan-yhteistyossa-5-5-2026\/\">Seminaari: Operaatiotutkimuksen rooli maanpuolustuksessa ja puolustusalan yhteisty\u00f6ss\u00e4 5.5.2026<\/a> <span class=\"excerpt-dash\">-<\/span> <span class=\"excerpt\">Ajankohta:&nbsp;Tiistaina 5.5.2026 klo 14:00-17:00Paikka:&nbsp;Otaniemi, Otakaari 1, Luentosali U5.Hinta:&nbsp;20\u20ac seuran j\u00e4senilt\u00e4, ilmainen opiskelijaj\u00e4senilt\u00e4 (perustutkinto-opiskelija), 30\u20ac ei-j\u00e4senilt\u00e4. Osallistumismaksu maksetaan rekister\u00f6itymisen yhteydess\u00e4 vastaanotetulla<p class=\"readmore\"><a href=\"https:\/\/www.operaatiotutkimus.fi\/index.php\/2026\/04\/07\/seminaari-operaatiotutkimuksen-rooli-maanpuolustuksessa-ja-puolustusalan-yhteistyossa-5-5-2026\/\" title=\"Read Seminaari: Operaatiotutkimuksen rooli maanpuolustuksessa ja puolustusalan yhteisty\u00f6ss\u00e4 5.5.2026\">Read more &raquo;<\/a><\/p><\/span><\/li><li class=\"listing-item\"><a class=\"title\" href=\"https:\/\/www.operaatiotutkimus.fi\/index.php\/2025\/10\/08\/seminaari-operaatiotutkimus-strategisen-tason-paatoksenteon-tukena-6-11-2025\/\">Seminaari: Operaatiotutkimus strategisen tason p\u00e4\u00e4t\u00f6ksenteon tukena 6.11.2025<\/a> <span class=\"excerpt-dash\">-<\/span> <span class=\"excerpt\">Ajankohta:&nbsp;Torstaina 6.11.2025 klo 15:00-18:00Paikka:&nbsp;Otaniemi, Otakaari 1, Luentosali U5.Hinta:&nbsp;20\u20ac seuran j\u00e4senilt\u00e4, ilmainen opiskelijaj\u00e4senilt\u00e4, 30\u20ac ei-j\u00e4senilt\u00e4. Osallistumismaksu maksetaan rekister\u00f6itymisen yhteydess\u00e4 vastaanotetulla laskulla.Rekister\u00f6ityminen:&nbsp;Rekister\u00f6ityminen<p class=\"readmore\"><a href=\"https:\/\/www.operaatiotutkimus.fi\/index.php\/2025\/10\/08\/seminaari-operaatiotutkimus-strategisen-tason-paatoksenteon-tukena-6-11-2025\/\" title=\"Read Seminaari: Operaatiotutkimus strategisen tason p\u00e4\u00e4t\u00f6ksenteon tukena 6.11.2025\">Read more &raquo;<\/a><\/p><\/span><\/li><li class=\"listing-item\"><a class=\"title\" href=\"https:\/\/www.operaatiotutkimus.fi\/index.php\/2025\/04\/14\/seminar-operations-research-strengthening-societal-resilience\/\">Seminar: Operations Research strengthening societal resilience<\/a> <span class=\"excerpt-dash\">-<\/span> <span class=\"excerpt\">Time:&nbsp;Thursday, May 22nd, 2025, at 14:30-17:15Venue: Otaniemi, Otakaari 1, Lecture Hall U5.Price: 20\u20ac for FORS members, 0\u20ac for undergraduate student<p class=\"readmore\"><a href=\"https:\/\/www.operaatiotutkimus.fi\/index.php\/2025\/04\/14\/seminar-operations-research-strengthening-societal-resilience\/\" title=\"Read Seminar: Operations Research strengthening societal resilience\">Read more &raquo;<\/a><\/p><\/span><\/li><li class=\"listing-item\"><a class=\"title\" href=\"https:\/\/www.operaatiotutkimus.fi\/index.php\/2024\/10\/24\/seminaari-operaatiotutkimuksen-sovelluskohteet-kaupan-alalla-27-11-2024\/\">Seminaari: Operaatiotutkimuksen sovelluskohteet kaupan alalla 27.11.2024<\/a> <span class=\"excerpt-dash\">-<\/span> <span class=\"excerpt\">Ajankohta: Keskiviikkona 27.11.2024 klo 15:00-18:00Paikka: Tieteiden Talo (Kirkkokatu 6, 00170 Helsinki) Sali 505Hinta: 30\u20ac seuran j\u00e4senilt\u00e4, 60\u20ac ei-j\u00e4senilt\u00e4, ilmainen opiskelijaj\u00e4senilt\u00e4<p class=\"readmore\"><a href=\"https:\/\/www.operaatiotutkimus.fi\/index.php\/2024\/10\/24\/seminaari-operaatiotutkimuksen-sovelluskohteet-kaupan-alalla-27-11-2024\/\" title=\"Read Seminaari: Operaatiotutkimuksen sovelluskohteet kaupan alalla 27.11.2024\">Read more &raquo;<\/a><\/p><\/span><\/li><li class=\"listing-item\"><a class=\"title\" href=\"https:\/\/www.operaatiotutkimus.fi\/index.php\/2024\/09\/10\/event-doctoral-studies-in-operations-research\/\">Event: Doctoral Studies in Operations Research<\/a> <span class=\"excerpt-dash\">-<\/span> <span class=\"excerpt\">In October 2024, The Finnish Operations Research Society organized an event where doctoral studies in operations research were introduced. We<p class=\"readmore\"><a href=\"https:\/\/www.operaatiotutkimus.fi\/index.php\/2024\/09\/10\/event-doctoral-studies-in-operations-research\/\" title=\"Read Event: Doctoral Studies in Operations Research\">Read more &raquo;<\/a><\/p><\/span><\/li><li class=\"listing-item\"><a class=\"title\" href=\"https:\/\/www.operaatiotutkimus.fi\/index.php\/2024\/03\/26\/seminar-or-supporting-the-development-of-treatments-and-services-in-health-care\/\">Seminar: OR supporting the development of treatments and services in health care<\/a> <span class=\"excerpt-dash\">-<\/span> <span class=\"excerpt\">Time:&nbsp;Thursday, May 16th, 2024, at 17:00-20:00Venue: Tieteiden Talo (Kirkkokatu 6, 00170 Helsinki) Hall 104.Price: 30\u20ac for members, free for student<p class=\"readmore\"><a href=\"https:\/\/www.operaatiotutkimus.fi\/index.php\/2024\/03\/26\/seminar-or-supporting-the-development-of-treatments-and-services-in-health-care\/\" title=\"Read Seminar: OR supporting the development of treatments and services in health care\">Read more &raquo;<\/a><\/p><\/span><\/li><li class=\"listing-item\"><a class=\"title\" href=\"https:\/\/www.operaatiotutkimus.fi\/index.php\/2023\/10\/05\/seminaari-optimoinnista-teollisuudessa\/\">Seminaari Optimoinnista teollisuudessa 7.11.2023<\/a> <span class=\"excerpt-dash\">-<\/span> <span class=\"excerpt\">Ajankohta: Tiistaina 7.11.2023 klo 17:00-20:00Paikka: Tieteiden Talo (Kirkkokatu 6, 00170 Helsinki) Sali 505Hinta: 30\u20ac seuran j\u00e4senilt\u00e4, 100\u20ac ei-j\u00e4senilt\u00e4, ilmainen opiskelijaj\u00e4senilt\u00e4<p class=\"readmore\"><a href=\"https:\/\/www.operaatiotutkimus.fi\/index.php\/2023\/10\/05\/seminaari-optimoinnista-teollisuudessa\/\" title=\"Read Seminaari Optimoinnista teollisuudessa 7.11.2023\">Read more &raquo;<\/a><\/p><\/span><\/li><li class=\"listing-item\"><a class=\"title\" href=\"https:\/\/www.operaatiotutkimus.fi\/index.php\/2023\/10\/05\/excursion-to-upm\/\">Excursion to UPM<\/a> <span class=\"excerpt-dash\">-<\/span> <span class=\"excerpt\">The Finnish Operations Research Society organises an excursion to UPM. Excursion is organised in English. Details of the excursion are<p class=\"readmore\"><a href=\"https:\/\/www.operaatiotutkimus.fi\/index.php\/2023\/10\/05\/excursion-to-upm\/\" title=\"Read Excursion to UPM\">Read more &raquo;<\/a><\/p><\/span><\/li><li class=\"listing-item\"><a class=\"title\" href=\"https:\/\/www.operaatiotutkimus.fi\/index.php\/2023\/04\/02\/seminar-logistics-in-operations-research\/\">Seminar: Logistics in Operations Research<\/a> <span class=\"excerpt-dash\">-<\/span> <span class=\"excerpt\">Time:&nbsp;Tuesday May 9th, 2023, 17:00-20:00Venue: Tieteiden Talo (Kirkkokatu 6, 00170 Helsinki) Hall 104. Remote participation via Zoom is also possible.Price:<p class=\"readmore\"><a href=\"https:\/\/www.operaatiotutkimus.fi\/index.php\/2023\/04\/02\/seminar-logistics-in-operations-research\/\" title=\"Read Seminar: Logistics in Operations Research\">Read more &raquo;<\/a><\/p><\/span><\/li><li class=\"listing-item\"><a class=\"title\" href=\"https:\/\/www.operaatiotutkimus.fi\/index.php\/2022\/10\/13\/talous-data-ja-paatoksenteko-seminaari-17-11-2022\/\">Talous, data ja p\u00e4\u00e4t\u00f6ksenteko -seminaari 17.11.2022<\/a> <span class=\"excerpt-dash\">-<\/span> <span class=\"excerpt\">Suomen Operaatiotutkimusseura j\u00e4rjest\u00e4\u00e4 17.11.2022 klo 17:00 alkaen seminaarin otsikolla \u201cTalous, data ja p\u00e4\u00e4t\u00f6ksenteko\u201d. Seminaari p\u00e4\u00e4ttyy viimeist\u00e4\u00e4n klo 20. Seminaarissa k\u00e4sitell\u00e4\u00e4n<p class=\"readmore\"><a href=\"https:\/\/www.operaatiotutkimus.fi\/index.php\/2022\/10\/13\/talous-data-ja-paatoksenteko-seminaari-17-11-2022\/\" title=\"Read Talous, data ja p\u00e4\u00e4t\u00f6ksenteko -seminaari 17.11.2022\">Read more &raquo;<\/a><\/p><\/span><\/li><li class=\"listing-item\"><a class=\"title\" href=\"https:\/\/www.operaatiotutkimus.fi\/index.php\/2022\/04\/05\/seminar-operational-resilience-in-radically-changing-conditions\/\">Seminar: Operational resilience in radically changing conditions<\/a> <span class=\"excerpt-dash\">-<\/span> <span class=\"excerpt\">Time :&nbsp;Thursday May 5th, 2022, 16:00-20:00Venue: T\u00f6\u00f6l\u00f6 campus of Aalto University (Runeberginkatu 14-16, Helsinki, lecture hall A300), online participation is<p class=\"readmore\"><a href=\"https:\/\/www.operaatiotutkimus.fi\/index.php\/2022\/04\/05\/seminar-operational-resilience-in-radically-changing-conditions\/\" title=\"Read Seminar: Operational resilience in radically changing conditions\">Read more &raquo;<\/a><\/p><\/span><\/li><li class=\"listing-item\"><a class=\"title\" href=\"https:\/\/www.operaatiotutkimus.fi\/index.php\/2022\/03\/17\/euro-2022-lahestyy\/\">EURO 2022 l\u00e4hestyy<\/a> <span class=\"excerpt-dash\">-<\/span> <span class=\"excerpt\">FORS, Suomi ja Aalto-yliopiston kampus ovat maailman OR-valokeilassa ensi kes\u00e4n\u00e4 FORSin j\u00e4rjest\u00e4ess\u00e4 Euroopan suurimman operaatiotutkimuksen tapahtuman, EURO-konferenssin, 3.-6.7.2022! Ai mit\u00e4<p class=\"readmore\"><a href=\"https:\/\/www.operaatiotutkimus.fi\/index.php\/2022\/03\/17\/euro-2022-lahestyy\/\" title=\"Read EURO 2022 l\u00e4hestyy\">Read more &raquo;<\/a><\/p><\/span><\/li><li class=\"listing-item\"><a class=\"title\" href=\"https:\/\/www.operaatiotutkimus.fi\/index.php\/2022\/02\/07\/euro-2022-2nd-call-for-papers\/\">EURO 2022: 2nd call for papers<\/a> <span class=\"excerpt-dash\">-<\/span> <span class=\"excerpt\">The EURO 2022 conference is getting closer! Here&#8217;s the second call with all the important information. This is a rare<p class=\"readmore\"><a href=\"https:\/\/www.operaatiotutkimus.fi\/index.php\/2022\/02\/07\/euro-2022-2nd-call-for-papers\/\" title=\"Read EURO 2022: 2nd call for papers\">Read more &raquo;<\/a><\/p><\/span><\/li><li class=\"listing-item\"><a class=\"title\" href=\"https:\/\/www.operaatiotutkimus.fi\/index.php\/2021\/09\/28\/euro-2022-espoo-ensimmainen-kutsu-papereille\/\">EURO 2022 Espoo &#8211; ensimm\u00e4inen kutsu papereille<\/a> <span class=\"excerpt-dash\">-<\/span> <span class=\"excerpt\">Seuramme j\u00e4rjest\u00e4m\u00e4 EURO 2022 -konferenssi l\u00e4hestyy ja nyt on aika avata puhujailmoittautuminen. Alta l\u00f6yd\u00e4t virallisen kutsun. Konferenssin j\u00e4rjestet\u00e4\u00e4n 3-6.7.2022 Aalto-yliopiston<p class=\"readmore\"><a href=\"https:\/\/www.operaatiotutkimus.fi\/index.php\/2021\/09\/28\/euro-2022-espoo-ensimmainen-kutsu-papereille\/\" title=\"Read EURO 2022 Espoo &#8211; ensimm\u00e4inen kutsu papereille\">Read more &raquo;<\/a><\/p><\/span><\/li><li class=\"listing-item\"><a class=\"title\" href=\"https:\/\/www.operaatiotutkimus.fi\/index.php\/2021\/04\/26\/seminaari-miten-mallit-ohjaavat-suomen-energiamurrosta\/\">Seminaari: Miten mallit ohjaavat Suomen energiamurrosta?<\/a> <span class=\"excerpt-dash\">-<\/span> <span class=\"excerpt\">Aika:\u00a0tiistai 1.6. klo 14-17Paikka: Zoom-videokonferenssi: https:\/\/aalto.zoom.us\/j\/63784731376Ilmoittautuminen seminaariin on sulkeutunut, mutta voit liitty\u00e4 mukaan yll\u00e4 olevan linkin kautta ilman ilmoittautumistakin. FORS<p class=\"readmore\"><a href=\"https:\/\/www.operaatiotutkimus.fi\/index.php\/2021\/04\/26\/seminaari-miten-mallit-ohjaavat-suomen-energiamurrosta\/\" title=\"Read Seminaari: Miten mallit ohjaavat Suomen energiamurrosta?\">Read more &raquo;<\/a><\/p><\/span><\/li><li class=\"listing-item\"><a class=\"title\" href=\"https:\/\/www.operaatiotutkimus.fi\/index.php\/2020\/10\/04\/healt-care-seminar-2020\/\">Data and models in healthcare: how to make justifiable decisions in a complex system? | Nov 3rd, 2020<\/a> <span class=\"excerpt-dash\">-<\/span> <span class=\"excerpt\">Due to the COVID-19 situation, THE EVENT WILL BE ORGANIZED AS A WEBINAR &#8211; NO ON-SITE PARTICIPATION Join the seminar:<p class=\"readmore\"><a href=\"https:\/\/www.operaatiotutkimus.fi\/index.php\/2020\/10\/04\/healt-care-seminar-2020\/\" title=\"Read Data and models in healthcare: how to make justifiable decisions in a complex system? | Nov 3rd, 2020\">Read more &raquo;<\/a><\/p><\/span><\/li><li class=\"listing-item\"><a class=\"title\" href=\"https:\/\/www.operaatiotutkimus.fi\/index.php\/2020\/04\/15\/euro-wisdom-forum-women-in-society-doing-operational-research-and-management-science-first-webinar\/\">EURO WISDOM Forum (Women In Society: Doing Operational Research and Management Science) &#038; first webinar<\/a> <span class=\"excerpt-dash\">-<\/span> <span class=\"excerpt\">Relaying the following message from EURO Following the EURO 2018 Women in Science and EURO 2019 Women in OR sessions,<p class=\"readmore\"><a href=\"https:\/\/www.operaatiotutkimus.fi\/index.php\/2020\/04\/15\/euro-wisdom-forum-women-in-society-doing-operational-research-and-management-science-first-webinar\/\" title=\"Read EURO WISDOM Forum (Women In Society: Doing Operational Research and Management Science) &#038; first webinar\">Read more &raquo;<\/a><\/p><\/span><\/li><li class=\"listing-item\"><a class=\"title\" href=\"https:\/\/www.operaatiotutkimus.fi\/index.php\/2020\/04\/15\/analytics-for-a-better-world-initiative-first-webinar\/\">Analytics for a better world initiative &#038; first webinar<\/a> <span class=\"excerpt-dash\">-<\/span> <span class=\"excerpt\">Relaying the following communication from Dimitris Bertsimas (MIT) &amp; Dick den Hertog (Tilburg University) Dear all, COVID-19 is one of<p class=\"readmore\"><a href=\"https:\/\/www.operaatiotutkimus.fi\/index.php\/2020\/04\/15\/analytics-for-a-better-world-initiative-first-webinar\/\" title=\"Read Analytics for a better world initiative &#038; first webinar\">Read more &raquo;<\/a><\/p><\/span><\/li><li class=\"listing-item\"><a class=\"title\" href=\"https:\/\/www.operaatiotutkimus.fi\/index.php\/2019\/10\/02\/parempaa-ymparistopaatoksentekoa-matemaattisilla-malleilla-seminaari-21-11-2019\/\">&#8220;Parempaa ymp\u00e4rist\u00f6p\u00e4\u00e4t\u00f6ksentekoa matemaattisilla malleilla&#8221; -seminaari 21.11.2019<\/a> <span class=\"excerpt-dash\">-<\/span> <span class=\"excerpt\">Suomen operaatiotutkimusseura j\u00e4rjest\u00e4\u00e4&nbsp;torstaina 21.11.2019&nbsp;seminaarin aiheesta&nbsp;\u201dParempaa ymp\u00e4rist\u00f6p\u00e4\u00e4t\u00f6ksentekoa matemaattisilla malleilla\u201d. Seminaarissa kuullaan ymp\u00e4rist\u00f6kysymysten mallinnuksen ammattilaisten puheenvuoroja siit\u00e4, miten mallinnus auttaa ymp\u00e4rist\u00f6p\u00e4\u00e4t\u00f6ksenteossa. Seminaari<p class=\"readmore\"><a href=\"https:\/\/www.operaatiotutkimus.fi\/index.php\/2019\/10\/02\/parempaa-ymparistopaatoksentekoa-matemaattisilla-malleilla-seminaari-21-11-2019\/\" title=\"Read &#8220;Parempaa ymp\u00e4rist\u00f6p\u00e4\u00e4t\u00f6ksentekoa matemaattisilla malleilla&#8221; -seminaari 21.11.2019\">Read more &raquo;<\/a><\/p><\/span><\/li><li class=\"listing-item\"><a class=\"title\" href=\"https:\/\/www.operaatiotutkimus.fi\/index.php\/2019\/04\/12\/analytiikan-ja-orn-soveltaminen-henkilostoresurssien-suunnittelussa-seminaari-6-6-2019\/\">Analytiikan ja OR:n soveltaminen henkil\u00f6st\u00f6resurssien suunnittelussa &#8211; seminaari 6.6.2019<\/a> <span class=\"excerpt-dash\">-<\/span> <span class=\"excerpt\">Suomen operaatiotutkimusseura j\u00e4rjest\u00e4\u00e4 torstaina 6.6.2019 seminaarin aiheesta &#8220;Analytiikan ja operaatiotutkimuksen soveltaminen henkil\u00f6st\u00f6resurssien suunnittelussa&#8221;. Seminaarissa kuullaan k\u00e4yt\u00e4nn\u00f6n esimerkkej\u00e4 siit\u00e4, miten moderneja<p class=\"readmore\"><a href=\"https:\/\/www.operaatiotutkimus.fi\/index.php\/2019\/04\/12\/analytiikan-ja-orn-soveltaminen-henkilostoresurssien-suunnittelussa-seminaari-6-6-2019\/\" title=\"Read Analytiikan ja OR:n soveltaminen henkil\u00f6st\u00f6resurssien suunnittelussa &#8211; seminaari 6.6.2019\">Read more &raquo;<\/a><\/p><\/span><\/li><li class=\"listing-item\"><a class=\"title\" href=\"https:\/\/www.operaatiotutkimus.fi\/index.php\/2019\/04\/04\/modeling-simulation-of-social-behavioral-phenomena-in-creative-societies-conference\/\">&#8220;Modeling &#038; Simulation of Social-Behavioral Phenomena in Creative Societies&#8221; conference<\/a> <span class=\"excerpt-dash\">-<\/span> <span class=\"excerpt\">Alla kutsu otsikonmukaiseen konferenssiin: ***** Dear Colleague, we are delighted to invite you and yours colleagues, who are interested in<p class=\"readmore\"><a href=\"https:\/\/www.operaatiotutkimus.fi\/index.php\/2019\/04\/04\/modeling-simulation-of-social-behavioral-phenomena-in-creative-societies-conference\/\" title=\"Read &#8220;Modeling &#038; Simulation of Social-Behavioral Phenomena in Creative Societies&#8221; conference\">Read more &raquo;<\/a><\/p><\/span><\/li><li class=\"listing-item\"><a class=\"title\" href=\"https:\/\/www.operaatiotutkimus.fi\/index.php\/2019\/03\/28\/or-afternoon-by-acor\/\">OR afternoon by ACOR<\/a> <span class=\"excerpt-dash\">-<\/span> <span class=\"excerpt\">Aalto Centre for Operations Research (ACOR) organizes an open&nbsp;thematic OR afternoon&nbsp;on the topic&nbsp;ow are OR and AI methods used in<p class=\"readmore\"><a href=\"https:\/\/www.operaatiotutkimus.fi\/index.php\/2019\/03\/28\/or-afternoon-by-acor\/\" title=\"Read OR afternoon by ACOR\">Read more &raquo;<\/a><\/p><\/span><\/li><li class=\"listing-item\"><a class=\"title\" href=\"https:\/\/www.operaatiotutkimus.fi\/index.php\/2018\/10\/19\/analytiikka-paattajien-tukena-kokemuksia-matemaattisten-mallien-hyodyntamisesta-organisaatioissa-seminaari-28-11-2018\/\">Analytiikka p\u00e4\u00e4tt\u00e4jien tukena: Kokemuksia matemaattisten mallien hy\u00f6dynt\u00e4misest\u00e4 organisaatioissa -seminaari 28.11.2018<\/a> <span class=\"excerpt-dash\">-<\/span> <span class=\"excerpt\">Suomen operaatiotutkimusseura j\u00e4rjest\u00e4\u00e4 keskiviikkona 28. marraskuuta 2018 seminaarin otsikolla &#8220;Analytiikka p\u00e4\u00e4tt\u00e4jien tukena: kokemuksia matemaattisten mallien hy\u00f6dynt\u00e4misest\u00e4 organisaatioissa&#8221;. Seminaarissa kuullaan esitelmi\u00e4<p class=\"readmore\"><a href=\"https:\/\/www.operaatiotutkimus.fi\/index.php\/2018\/10\/19\/analytiikka-paattajien-tukena-kokemuksia-matemaattisten-mallien-hyodyntamisesta-organisaatioissa-seminaari-28-11-2018\/\" title=\"Read Analytiikka p\u00e4\u00e4tt\u00e4jien tukena: Kokemuksia matemaattisten mallien hy\u00f6dynt\u00e4misest\u00e4 organisaatioissa -seminaari 28.11.2018\">Read more &raquo;<\/a><\/p><\/span><\/li><li class=\"listing-item\"><a class=\"title\" href=\"https:\/\/www.operaatiotutkimus.fi\/index.php\/2018\/03\/26\/tekoaly-ennustaja-neuvonantaja-vai-paatoksentekija-seminaari-19-4\/\">Teko\u00e4ly: ennustaja, neuvonantaja vai p\u00e4\u00e4t\u00f6ksentekij\u00e4? -seminaari 19.4.<\/a> <span class=\"excerpt-dash\">-<\/span> <span class=\"excerpt\">Suomen operaatiotutkimusseura j\u00e4rjest\u00e4\u00e4 torstaina\u00a019. huhtikuuta 2018 seminaarin otsikolla &#8220;Teko\u00e4ly:\u00a0Ennustaja, Neuvonantaja vai P\u00e4\u00e4t\u00f6ksentekij\u00e4?&#8221;. Seminaarissa kuullaan esitelmi\u00e4 siit\u00e4, miten teko\u00e4lymenetelmi\u00e4 sovelletaan yritysmaailmassa<p class=\"readmore\"><a href=\"https:\/\/www.operaatiotutkimus.fi\/index.php\/2018\/03\/26\/tekoaly-ennustaja-neuvonantaja-vai-paatoksentekija-seminaari-19-4\/\" title=\"Read Teko\u00e4ly: ennustaja, neuvonantaja vai p\u00e4\u00e4t\u00f6ksentekij\u00e4? -seminaari 19.4.\">Read more &raquo;<\/a><\/p><\/span><\/li><li class=\"listing-item\"><a class=\"title\" href=\"https:\/\/www.operaatiotutkimus.fi\/index.php\/2017\/10\/31\/vaalikokous-ja-seminaari-to-16-11-2017\/\">Vaalikokous ja seminaari to 16.11.2017<\/a> <span class=\"excerpt-dash\">-<\/span> <span class=\"excerpt\">Demokratia ja analytiikka! Vaalit ja ryhm\u00e4p\u00e4\u00e4t\u00f6ksenteko analyyttisten silm\u00e4lasien l\u00e4pi Tervetuloa vuoden 2017 vaalikokoukseen sek\u00e4 FORSin j\u00e4rjest\u00e4m\u00e4\u00e4n seminaariin\u00a0to 16.11.\u00a0klo 13. Paikkana<p class=\"readmore\"><a href=\"https:\/\/www.operaatiotutkimus.fi\/index.php\/2017\/10\/31\/vaalikokous-ja-seminaari-to-16-11-2017\/\" title=\"Read Vaalikokous ja seminaari to 16.11.2017\">Read more &raquo;<\/a><\/p><\/span><\/li><li class=\"listing-item\"><a class=\"title\" href=\"https:\/\/www.operaatiotutkimus.fi\/index.php\/2017\/10\/31\/fors-vuosikokous-2017\/\">FORS vuosikokous 2017<\/a> <span class=\"excerpt-dash\">-<\/span> <span class=\"excerpt\">Tervetuloa Suomen Operaatiotutkimusseura ry:n 2017 vuosikokoukseen. Kokous j\u00e4rjestet\u00e4\u00e4n torstaina 27. huhtikuuta kello 16:30 alkaen UPM:n tiloissa osoitteessa Biofore House, Alvar<p class=\"readmore\"><a href=\"https:\/\/www.operaatiotutkimus.fi\/index.php\/2017\/10\/31\/fors-vuosikokous-2017\/\" title=\"Read FORS vuosikokous 2017\">Read more &raquo;<\/a><\/p><\/span><\/li><\/ul>\n<p>Tutustu my\u00f6s <a href=\"https:\/\/www.operaatiotutkimus.fi\/index.php\/aikaisemmat-seminaarit\/\">aikaisempiin seminaareihimme<\/a>.<\/p>\n","protected":false},"excerpt":{"rendered":"<p>T\u00e4ss\u00e4 n\u00e4et listan seuran tapahtumista: Tutustu my\u00f6s aikaisempiin seminaareihimme.<\/p>\n","protected":false},"author":1,"featured_media":0,"parent":0,"menu_order":0,"comment_status":"closed","ping_status":"closed","template":"","meta":{"inline_featured_image":false,"footnotes":""},"class_list":["post-276","page","type-page","status-publish","hentry"],"_links":{"self":[{"href":"https:\/\/www.operaatiotutkimus.fi\/index.php\/wp-json\/wp\/v2\/pages\/276","targetHints":{"allow":["GET"]}}],"collection":[{"href":"https:\/\/www.operaatiotutkimus.fi\/index.php\/wp-json\/wp\/v2\/pages"}],"about":[{"href":"https:\/\/www.operaatiotutkimus.fi\/index.php\/wp-json\/wp\/v2\/types\/page"}],"author":[{"embeddable":true,"href":"https:\/\/www.operaatiotutkimus.fi\/index.php\/wp-json\/wp\/v2\/users\/1"}],"replies":[{"embeddable":true,"href":"https:\/\/www.operaatiotutkimus.fi\/index.php\/wp-json\/wp\/v2\/comments?post=276"}],"version-history":[{"count":7,"href":"https:\/\/www.operaatiotutkimus.fi\/index.php\/wp-json\/wp\/v2\/pages\/276\/revisions"}],"predecessor-version":[{"id":981,"href":"https:\/\/www.operaatiotutkimus.fi\/index.php\/wp-json\/wp\/v2\/pages\/276\/revisions\/981"}],"wp:attachment":[{"href":"https:\/\/www.operaatiotutkimus.fi\/index.php\/wp-json\/wp\/v2\/media?parent=276"}],"curies":[{"name":"wp","href":"https:\/\/api.w.org\/{rel}","templated":true}]}}