{"id":262,"date":"2017-11-02T11:15:52","date_gmt":"2017-11-02T09:15:52","guid":{"rendered":"http:\/\/www.operaatiotutkimus.fi\/uudetsivut\/?page_id=262"},"modified":"2023-11-14T18:12:59","modified_gmt":"2023-11-14T16:12:59","slug":"seuran-kunniapuheenjohtajat","status":"publish","type":"page","link":"https:\/\/www.operaatiotutkimus.fi\/index.php\/seuran-kunniapuheenjohtajat\/","title":{"rendered":"Seuran kunniapuheenjohtajat"},"content":{"rendered":"\n<h3 class=\"wp-block-heading\">Professori Ahti Salo FORS:n kunniapuheenjohtajaksi<\/h3>\n\n\n\n<p>Suomen Operaatiotutkimusseura ry on 23.9.2023 nimennyt professori Ahti Salon kunniapuheenjohtajakseen. Kunniapuheenjohtajuus my\u00f6nnet\u00e4\u00e4n eritt\u00e4in ansiokkaasta ja pitk\u00e4aikaisesta toiminnasta operaatiotutkimuksen alalla. Arvonimi my\u00f6nnettiin seuran 50-vuotiskonferenssin yhteydess\u00e4 Jyv\u00e4skyl\u00e4ss\u00e4 23.-24. syyskuuta 2023.<\/p>\n\n\n\n<div class=\"wp-block-media-text alignwide is-stacked-on-mobile\"><figure class=\"wp-block-media-text__media\"><img loading=\"lazy\" decoding=\"async\" width=\"717\" height=\"1024\" src=\"https:\/\/www.operaatiotutkimus.fi\/wp-content\/uploads\/2023\/11\/ahttigiovanni-717x1024.jpg\" alt=\"\" class=\"wp-image-1293 size-full\" srcset=\"https:\/\/www.operaatiotutkimus.fi\/wp-content\/uploads\/2023\/11\/ahttigiovanni-717x1024.jpg 717w, https:\/\/www.operaatiotutkimus.fi\/wp-content\/uploads\/2023\/11\/ahttigiovanni-210x300.jpg 210w, https:\/\/www.operaatiotutkimus.fi\/wp-content\/uploads\/2023\/11\/ahttigiovanni-768x1097.jpg 768w, https:\/\/www.operaatiotutkimus.fi\/wp-content\/uploads\/2023\/11\/ahttigiovanni-1075x1536.jpg 1075w, https:\/\/www.operaatiotutkimus.fi\/wp-content\/uploads\/2023\/11\/ahttigiovanni-1434x2048.jpg 1434w, https:\/\/www.operaatiotutkimus.fi\/wp-content\/uploads\/2023\/11\/ahttigiovanni-scaled.jpg 1792w\" sizes=\"auto, (max-width: 717px) 100vw, 717px\" \/><\/figure><div class=\"wp-block-media-text__content\">\n<p>Professori Ahti Salo vastaanottamassa kunniakirjaa seuran puheenjohtajalta, Giovanni Misitanolta.<\/p>\n<\/div><\/div>\n\n\n\n<p>Professori Salo on kehitt\u00e4nyt p\u00e4\u00e4t\u00f6sanalyyttisi\u00e4 menetelmi\u00e4 erityisesti resurssien jakamisen, innovaatiojohtamisen, riskienhallinnan, ennakoinnin ja tehokkuusanalyysien tueksi. Vuonna 2019 h\u00e4n sai MCDM Edgeworth-Pareto Award -palkinnon, joka on International Society for Multiple Criteria Decision Making -seuran merkitt\u00e4vimpi\u00e4 tunnustuksia. USA:n operaatiotutkimusseura INFORMSin yhteydess\u00e4 toimiva Decision Analysis Society -yhdistys my\u00f6nsi h\u00e4nelle vuonna 2013 parhaan julkaisun palkinnon portfoliop\u00e4\u00e4t\u00f6sanalyysi\u00e4 tarkastelevasta kirjasta. Vuonna 2022 h\u00e4n sai t\u00e4lt\u00e4 yhdistykselt\u00e4 Frank P. Ramsay -mitalin ansiokkaasta ty\u00f6st\u00e4 p\u00e4\u00e4t\u00f6sanalyysin kehitt\u00e4miseksi.<\/p>\n\n\n\n<p>Professori Salo on johtanut lukuisia yritysten ja julkisorganisaatioden rahoittamia tutkimushankkeita. H\u00e4n on toiminut vierailevana professorina London Business Schoolissa, Universit\u00e9 Paris-Dauphine -yliopistossa ja Wienin yliopistossa. Vuosina 2010-2011 h\u00e4n edusti Eurooppaa ja L\u00e4hi-It\u00e4\u00e4 INFORMSin kansainv\u00e4lisen toiminnan komiteassa. Vuosina 2010-2016 h\u00e4n toimi Euroopan operaatiotutkimusseurojen kattoj\u00e4rjest\u00f6n EUROn EDDA Doctoral Dissertation Award -palkintolautakunnassa johtaen lautakunnan ty\u00f6t\u00e4 vuonna 2016. Vuosina 1999-2019 h\u00e4n toimi Tutkijoiden ja kansanedustajien seuran hallituksessa. Kev\u00e4\u00e4ll\u00e4 2020 ty\u00f6skenteli valtioneuvoston kanslian nimitt\u00e4m\u00e4ss\u00e4 COVID-19 -tiedepaneelissa. \u00a0Hallituskausilla 2015-2019 ja 2020-2023 h\u00e4n oli valtioneuvoston kanslian ennakointiluotsin j\u00e4sen. H\u00e4n on toiminut Suomen Operaatiotutkimusseuran puheenjohtajana vuosina 1999-2000 ja 2010-2011.<\/p>\n\n\n\n<hr class=\"wp-block-separator has-alpha-channel-opacity\"\/>\n\n\n\n<h3 class=\"wp-block-heading\">Professori Jyrki Wallenius FORS:n kunniapuheenjohtajaksi<\/h3>\n\n\n\n<p>Suomen Operaatiotutkimusseura FORS on 20.8.2013 nimennyt professori Jyrki Walleniuksen kunniapuheenjohtajakseen. Kunniapuheenjohtajuus my\u00f6nnet\u00e4\u00e4n eritt\u00e4in ansiokkaasta ja pitk\u00e4aikaisesta toiminnasta operaatiotutkimuksen alalla. Arvonimi my\u00f6nnettiin seuran 40-vuotis workshopin yhteydess\u00e4 Lappeenrannan yliopistolla 20.8.2013.<br><img loading=\"lazy\" decoding=\"async\" class=\"alignnone size-medium wp-image-263\" src=\"https:\/\/www.operaatiotutkimus.fi\/uudetsivut\/wp-content\/uploads\/2017\/11\/kunniapuheenjohtaja_wallenius-300x199.jpg\" alt=\"\" width=\"300\" height=\"199\" srcset=\"https:\/\/www.operaatiotutkimus.fi\/wp-content\/uploads\/2017\/11\/kunniapuheenjohtaja_wallenius-300x199.jpg 300w, https:\/\/www.operaatiotutkimus.fi\/wp-content\/uploads\/2017\/11\/kunniapuheenjohtaja_wallenius-768x510.jpg 768w, https:\/\/www.operaatiotutkimus.fi\/wp-content\/uploads\/2017\/11\/kunniapuheenjohtaja_wallenius-1024x680.jpg 1024w\" sizes=\"auto, (max-width: 300px) 100vw, 300px\" \/><br>Kunniapuheenjohtaja Jyrki Wallenius (oik) ja nykyinen puheenjohtaja Timo Kuosmanen.<br>Professori, KTT Jyrki Wallenius on toiminut vuodesta 2005 l\u00e4htien Kauppakorkeakoulun Tieto- ja palvelutalouden laitoksen (entinen liiketoiminnan teknologian laitos) professorina erityisalueenaan liikkeenjohdon systeemit. Vuodesta 2008 alkaen h\u00e4n on ollut laitoksen johtaja. Lis\u00e4ksi Professori Wallenius toimi Kauppakorkeakoulun m\u00e4\u00e4r\u00e4aikaisena dekaanina vuonna 2011. Vuosina 1998-2005 Wallenius toimi Kansainv\u00e4lisen koulutuskeskuksen johtajana sek\u00e4 vuosina 1999-2004 Helsingin kauppakorkeakoulun vararehtorina. Professori Walleniuksen erikoisaloja ovat p\u00e4\u00e4t\u00f6ksenteko, erityisesti p\u00e4\u00e4t\u00f6ksenteon tuki, sek\u00e4 neuvottelujen mallintaminen. Wallenius on alansa johtavia tutkijoita. H\u00e4n toimi vuosina 2008-2011 Kansainv\u00e4lisen monitavoitetutkijoiden seuran (International Society on Multiple Criteria Decision Making) presidenttin\u00e4, ja on edelleen aktiivisesti mukana seuran toiminnassa. Lis\u00e4ksi Jyrki Wallenius toimi European Journal of Operational Research &#8211; lehden p\u00e4\u00e4toimittajana vuosina 1999-2004 ja oli lehden toimituskunnassa vuosina 1981-1998.<\/p>\n\n\n\n<hr class=\"wp-block-separator has-alpha-channel-opacity\"\/>\n\n\n\n<h3 class=\"wp-block-heading\">Aiemmin valitut kunniapuheenjohtajat<\/h3>\n\n\n\n<ul class=\"wp-block-list\">\n<li>2008: professori&nbsp;<a href=\"http:\/\/sal.aalto.fi\/fi\/henkilokunta\/raimo.hamalainen\/\" target=\"_BLANK\" rel=\"noopener\">Raimo H\u00e4m\u00e4l\u00e4inen<\/a><\/li>\n\n\n\n<li>2003: professori&nbsp;<a href=\"http:\/\/www.hse.fi\/FI\/HKI\/K\/Pekka_Korhonen\/\" target=\"_BLANK\" rel=\"noopener\">Pekka Korhonen<\/a><\/li>\n\n\n\n<li>1993: professori&nbsp;<a href=\"http:\/\/iamsr.abo.fi\/i\/user\/viewuser\/username\/ccarlsso\" target=\"_BLANK\" rel=\"noopener\">Christer Carlsson<\/a><\/li>\n\n\n\n<li>1983: professori Olli Lokki<\/li>\n<\/ul>\n","protected":false},"excerpt":{"rendered":"<p>Professori Ahti Salo FORS:n kunniapuheenjohtajaksi Suomen Operaatiotutkimusseura ry on 23.9.2023 nimennyt professori Ahti Salon kunniapuheenjohtajakseen. Kunniapuheenjohtajuus my\u00f6nnet\u00e4\u00e4n eritt\u00e4in ansiokkaasta ja<\/p>\n<p class=\"readmore\"><a href=\"https:\/\/www.operaatiotutkimus.fi\/index.php\/seuran-kunniapuheenjohtajat\/\" title=\"Read Seuran kunniapuheenjohtajat\">Read more &raquo;<\/a><\/p>\n","protected":false},"author":1,"featured_media":0,"parent":0,"menu_order":0,"comment_status":"closed","ping_status":"closed","template":"","meta":{"inline_featured_image":false,"footnotes":""},"class_list":["post-262","page","type-page","status-publish","hentry"],"_links":{"self":[{"href":"https:\/\/www.operaatiotutkimus.fi\/index.php\/wp-json\/wp\/v2\/pages\/262","targetHints":{"allow":["GET"]}}],"collection":[{"href":"https:\/\/www.operaatiotutkimus.fi\/index.php\/wp-json\/wp\/v2\/pages"}],"about":[{"href":"https:\/\/www.operaatiotutkimus.fi\/index.php\/wp-json\/wp\/v2\/types\/page"}],"author":[{"embeddable":true,"href":"https:\/\/www.operaatiotutkimus.fi\/index.php\/wp-json\/wp\/v2\/users\/1"}],"replies":[{"embeddable":true,"href":"https:\/\/www.operaatiotutkimus.fi\/index.php\/wp-json\/wp\/v2\/comments?post=262"}],"version-history":[{"count":3,"href":"https:\/\/www.operaatiotutkimus.fi\/index.php\/wp-json\/wp\/v2\/pages\/262\/revisions"}],"predecessor-version":[{"id":1294,"href":"https:\/\/www.operaatiotutkimus.fi\/index.php\/wp-json\/wp\/v2\/pages\/262\/revisions\/1294"}],"wp:attachment":[{"href":"https:\/\/www.operaatiotutkimus.fi\/index.php\/wp-json\/wp\/v2\/media?parent=262"}],"curies":[{"name":"wp","href":"https:\/\/api.w.org\/{rel}","templated":true}]}}