{"id":234,"date":"2017-11-02T07:54:00","date_gmt":"2017-11-02T05:54:00","guid":{"rendered":"http:\/\/www.operaatiotutkimus.fi\/uudetsivut\/?page_id=234"},"modified":"2026-01-09T10:15:49","modified_gmt":"2026-01-09T08:15:49","slug":"liity-jaseneksi","status":"publish","type":"page","link":"https:\/\/www.operaatiotutkimus.fi\/index.php\/liity-jaseneksi\/","title":{"rendered":"Liity j\u00e4seneksi \/ Become a member"},"content":{"rendered":"\n<p>Liity FORSin j\u00e4seneksi!<\/p>\n\n\n\n<p>Voit t\u00e4ytt\u00e4\u00e4 j\u00e4senhakemuksen <a href=\"https:\/\/www.flomembers.com\/operaatiotutkimus\/members\/application\/createApplication?_lang=fi\">t\u00e4\u00e4ll\u00e4<\/a>. (Linkki ohjaa FloMembers -palveluun, jossa my\u00f6s seuran j\u00e4senrekisteri sijaitsee.)<\/p>\n\n\n\n<p>T\u00e4yt\u00e4 lomakkeelle tarvittavat tiedot. Tietoja k\u00e4ytet\u00e4\u00e4n ainoastaan seuran toiminnassa eik\u00e4 niit\u00e4 luovuteta ulkopuolisille tahoille.<\/p>\n\n\n\n<p>Seuran j\u00e4senmaksu vuodelle 2026 on 30\u20ac. Seura laskuttaa j\u00e4senmaksun touko-kes\u00e4kuussa. Lis\u00e4ksi tarjoamme seuraavat alennukset<\/p>\n\n\n\n<ul class=\"wp-block-list\">\n<li>Jos olet perustutkinto-opiskelija, saat j\u00e4senmaksusi hintaan 0\u20ac vuoden 2028 loppuun asti. Valitse t\u00e4ll\u00f6in vaihtoehto \u201dJ\u00e4sen, m\u00e4\u00e4r\u00e4aikainen opiskelija-alennus vuoteen\u201d t\u00e4ytt\u00e4ess\u00e4si j\u00e4seneksi liittymislomaketta.<\/li>\n\n\n\n<li>Jos olet jatko-opiskelija, saat j\u00e4senmaksusi hintaan 25\u20ac vuoden 2028 loppuun asti. Valitse t\u00e4ll\u00f6in vaihtoehto \u201dJ\u00e4sen, m\u00e4\u00e4r\u00e4aikainen jatko-opiskelija-alennus\u201d t\u00e4ytt\u00e4ess\u00e4si j\u00e4seneksi liittymislomaketta.<\/li>\n<\/ul>\n\n\n\n<p>Alennusten loppumisen j\u00e4lkeen j\u00e4senmaksusi p\u00e4ivittyy automaattisesti vuonna 2029.<\/p>\n\n\n\n<p>Lis\u00e4tietoja j\u00e4senyydest\u00e4 ja j\u00e4senhakemuslomakkeesta saat seuran <a href=\"https:\/\/www.operaatiotutkimus.fi\/index.php\/yhteystiedot\/\">sihteerilt\u00e4<\/a>. Ole my\u00f6s sihteeriin yhteydess\u00e4, jos haluat p\u00e4ivitt\u00e4\u00e4 j\u00e4senyytt\u00e4si.<\/p>\n\n\n\n<hr class=\"wp-block-separator has-alpha-channel-opacity\"\/>\n\n\n\n<p>Become FORS member!<\/p>\n\n\n\n<p>You can fill out the membership application <a href=\"https:\/\/www.flomembers.com\/operaatiotutkimus\/members\/application?_lang=en\">here<\/a>. (The link leads to the FloMembers service, where the society&#8217;s membership register is also located.)<\/p>\n\n\n\n<p>Fill in the necessary information for the form. The information is only used for the society&#8217;s operations and is not disclosed to outside parties.<\/p>\n\n\n\n<p>FORS&#8217;s membership fee is 30\u20ac for 2026. FORS bills the fee in May-June. In addition, we offer the following discounts<\/p>\n\n\n\n<ul class=\"wp-block-list\">\n<li>If you are an undergraduate student, you can get your membership fee for 0\u20ac until the end of 2028. In this case, select the option &#8221; J\u00e4sen, m\u00e4\u00e4r\u00e4aikainen opiskelija-alennus&#8221; when filling out the membership application form.<\/li>\n\n\n\n<li>If you are a graduate student, you can get your membership fee for 25\u20ac until the end of 2028. In this case, select the option &#8221; J\u00e4sen, m\u00e4\u00e4r\u00e4aikainen jatko-opiskelija-alennus&#8221; when filling out the membership application form.<\/li>\n<\/ul>\n\n\n\n<p>After the discounts end, your membership fee will be updated automatically in 2029.<\/p>\n\n\n\n<p>You can get more information about membership and the membership application form from the FORS secretary (sihteeri at operaatiotutkimus.fi). Please also contact the secretary if you would like to update your membership.<\/p>\n","protected":false},"excerpt":{"rendered":"<p>Liity FORSin j\u00e4seneksi! Voit t\u00e4ytt\u00e4\u00e4 j\u00e4senhakemuksen t\u00e4\u00e4ll\u00e4. (Linkki ohjaa FloMembers -palveluun, jossa my\u00f6s seuran j\u00e4senrekisteri sijaitsee.) T\u00e4yt\u00e4 lomakkeelle tarvittavat tiedot.<\/p>\n<p class=\"readmore\"><a href=\"https:\/\/www.operaatiotutkimus.fi\/index.php\/liity-jaseneksi\/\" title=\"Read Liity j\u00e4seneksi \/ Become a member\">Read more &raquo;<\/a><\/p>\n","protected":false},"author":1,"featured_media":0,"parent":0,"menu_order":0,"comment_status":"closed","ping_status":"closed","template":"","meta":{"inline_featured_image":false,"footnotes":""},"class_list":["post-234","page","type-page","status-publish","hentry"],"_links":{"self":[{"href":"https:\/\/www.operaatiotutkimus.fi\/index.php\/wp-json\/wp\/v2\/pages\/234","targetHints":{"allow":["GET"]}}],"collection":[{"href":"https:\/\/www.operaatiotutkimus.fi\/index.php\/wp-json\/wp\/v2\/pages"}],"about":[{"href":"https:\/\/www.operaatiotutkimus.fi\/index.php\/wp-json\/wp\/v2\/types\/page"}],"author":[{"embeddable":true,"href":"https:\/\/www.operaatiotutkimus.fi\/index.php\/wp-json\/wp\/v2\/users\/1"}],"replies":[{"embeddable":true,"href":"https:\/\/www.operaatiotutkimus.fi\/index.php\/wp-json\/wp\/v2\/comments?post=234"}],"version-history":[{"count":15,"href":"https:\/\/www.operaatiotutkimus.fi\/index.php\/wp-json\/wp\/v2\/pages\/234\/revisions"}],"predecessor-version":[{"id":1530,"href":"https:\/\/www.operaatiotutkimus.fi\/index.php\/wp-json\/wp\/v2\/pages\/234\/revisions\/1530"}],"wp:attachment":[{"href":"https:\/\/www.operaatiotutkimus.fi\/index.php\/wp-json\/wp\/v2\/media?parent=234"}],"curies":[{"name":"wp","href":"https:\/\/api.w.org\/{rel}","templated":true}]}}