{"id":205,"date":"2017-11-01T14:01:59","date_gmt":"2017-11-01T12:01:59","guid":{"rendered":"http:\/\/www.operaatiotutkimus.fi\/uudetsivut\/?page_id=205"},"modified":"2017-11-08T12:42:48","modified_gmt":"2017-11-08T10:42:48","slug":"johtokunta","status":"publish","type":"page","link":"https:\/\/www.operaatiotutkimus.fi\/index.php\/johtokunta\/","title":{"rendered":"Johtokunta"},"content":{"rendered":"<h3>Seuran johtokunta<\/h3>\n<p>Seuran johtokunta sis\u00e4lt\u00e4\u00e4 operaatiotutkimuksen parissa ty\u00f6skentelevi\u00e4 asiantuntijoita niin akateemisesta maailmasta kuin liike-el\u00e4m\u00e4st\u00e4kin ymp\u00e4ri Suomen.<\/p>\n<div class=\"tmm tmm_johtokunta\"><div class=\"tmm_3_columns tmm_wrap tmm_theme_f\"><span class=\"tmm_two_containers_tablet\"><\/span><div class=\"tmm_container\"><div class=\"tmm_member\" style=\"border-top:#1e73be solid 5px;\"><div class=\"tmm_photo tmm_pic_johtokunta_0\" style=\"background: url(https:\/\/www.operaatiotutkimus.fi\/wp-content\/uploads\/2017\/10\/profile-picture.png); margin-left: auto; margin-right:auto; background-size:cover !important;\"><\/div><div class=\"tmm_textblock\"><div class=\"tmm_names\"><span class=\"tmm_fname\">Olli<\/span> <span class=\"tmm_lname\">Herrala<\/span><\/div><div class=\"tmm_job\">Puheenjohtaja<\/div><div class=\"tmm_desc\" style=\"text-align:center\"><p>Data Scientist, TkT<br \/>Atea Finland Oy<\/p><\/div><div class=\"tmm_scblock\"><\/div><\/div><\/div><div class=\"tmm_member\" style=\"border-top:#1e73be solid 5px;\"><div class=\"tmm_photo tmm_pic_johtokunta_1\" style=\"background: url(https:\/\/www.operaatiotutkimus.fi\/wp-content\/uploads\/2017\/10\/topias_terho.jpg); margin-left: auto; margin-right:auto; background-size:cover !important;\"><\/div><div class=\"tmm_textblock\"><div class=\"tmm_names\"><span class=\"tmm_fname\">Topias<\/span> <span class=\"tmm_lname\">Terho<\/span><\/div><div class=\"tmm_job\">Varapuheenjohtaja<\/div><div class=\"tmm_desc\" style=\"text-align:center\"><p>V\u00e4it\u00f6skirjatutkija<br \/>Systeemianalyysin laboratorio<br \/>Aalto-yliopiston perustieteiden korkeakoulu<\/p><\/div><div class=\"tmm_scblock\"><\/div><\/div><\/div><span class=\"tmm_two_containers_tablet\"><\/span><div class=\"tmm_member\" style=\"border-top:#1e73be solid 5px;\"><div class=\"tmm_photo tmm_pic_johtokunta_2\" style=\"background: url(https:\/\/www.operaatiotutkimus.fi\/wp-content\/uploads\/2017\/10\/giovanni.jpg); margin-left: auto; margin-right:auto; background-size:cover !important;\"><\/div><div class=\"tmm_textblock\"><div class=\"tmm_names\"><span class=\"tmm_fname\">Giovanni<\/span> <span class=\"tmm_lname\">Misitano<\/span><\/div><div class=\"tmm_job\">Rahastonhoitaja, varsinainen j\u00e4sen<\/div><div class=\"tmm_desc\" style=\"text-align:center\"><p>V\u00e4it\u00f6skirjatutkija, FM,<br \/>Multiobjective Optimization group,<br \/>Informaatioteknologian tiedekunta,<br \/>Jyv\u00e4skyl\u00e4n yliopisto,<br \/>etunimi.a.sukunimi(at)jyu.fi<\/p><\/div><div class=\"tmm_scblock\"><a target=\"_blank\" class=\"tmm_sociallink\" href=\"https:\/\/www.linkedin.com\/in\/misitano\/\" title=\"\"><img decoding=\"async\" alt=\"\" src=\"https:\/\/www.operaatiotutkimus.fi\/wp-content\/plugins\/team-members\/inc\/img\/links\/linkedin.png\"\/><\/a><\/div><\/div><\/div><\/div><span class=\"tmm_columns_containers_desktop\"><\/span><div class=\"tmm_container\"><div class=\"tmm_member\" style=\"border-top:#1e73be solid 5px;\"><div class=\"tmm_photo tmm_pic_johtokunta_3\" style=\"background: url(https:\/\/www.operaatiotutkimus.fi\/wp-content\/uploads\/2017\/10\/tuomas.jpg); margin-left: auto; margin-right:auto; background-size:cover !important;\"><\/div><div class=\"tmm_textblock\"><div class=\"tmm_names\"><span class=\"tmm_fname\">Tuomas<\/span> <span class=\"tmm_lname\">Suominen<\/span><\/div><div class=\"tmm_job\">Varsinainen j\u00e4sen<\/div><div class=\"tmm_desc\" style=\"text-align:center\"><p>DI<br \/>Global Process Owner<br \/>Neste<\/p><\/div><div class=\"tmm_scblock\"><\/div><\/div><\/div><span class=\"tmm_two_containers_tablet\"><\/span><div class=\"tmm_member\" style=\"border-top:#1e73be solid 5px;\"><div class=\"tmm_photo tmm_pic_johtokunta_4\" style=\"background: url(https:\/\/www.operaatiotutkimus.fi\/wp-content\/uploads\/2017\/10\/Marjut_Hirvonen_kuva-scaled.jpg); margin-left: auto; margin-right:auto; background-size:cover !important;\"><\/div><div class=\"tmm_textblock\"><div class=\"tmm_names\"><span class=\"tmm_fname\">Marjut<\/span> <span class=\"tmm_lname\">Hirvonen<\/span><\/div><div class=\"tmm_job\">Varsinainen j\u00e4sen<\/div><div class=\"tmm_desc\" style=\"text-align:center\"><p>Senior specialist, DI ja KTT<br \/>Supply Chain Management<br \/>Neste<\/p><\/div><div class=\"tmm_scblock\"><\/div><\/div><\/div><div class=\"tmm_member\" style=\"border-top:#1e73be solid 5px;\"><div class=\"tmm_photo tmm_pic_johtokunta_5\" style=\"background: url(https:\/\/www.operaatiotutkimus.fi\/wp-content\/uploads\/2017\/10\/Jyrki_Savolainen_rajattu-395x335-1.jpg); margin-left: auto; margin-right:auto; background-size:cover !important;\"><\/div><div class=\"tmm_textblock\"><div class=\"tmm_names\"><span class=\"tmm_fname\">Jyrki<\/span> <span class=\"tmm_lname\">Savolainen<\/span><\/div><div class=\"tmm_job\">Varsinainen j\u00e4sen<\/div><div class=\"tmm_desc\" style=\"text-align:center\"><p>Apulaisprofessori<br \/>Finance and Business Analytics<br \/>LUT-kauppakorkeakoulu<\/p><\/div><div class=\"tmm_scblock\"><\/div><\/div><\/div><span class=\"tmm_two_containers_tablet\"><\/span><\/div><span class=\"tmm_columns_containers_desktop\"><\/span><div class=\"tmm_container\"><div class=\"tmm_member\" style=\"border-top:#1e73be solid 5px;\"><div class=\"tmm_photo tmm_pic_johtokunta_6\" style=\"background: url(https:\/\/www.operaatiotutkimus.fi\/wp-content\/uploads\/2017\/10\/leppinen.jpeg); margin-left: auto; margin-right:auto; background-size:cover !important;\"><\/div><div class=\"tmm_textblock\"><div class=\"tmm_names\"><span class=\"tmm_fname\">Jussi<\/span> <span class=\"tmm_lname\">Leppinen<\/span><\/div><div class=\"tmm_job\">Sihteeri, varaj\u00e4sen<\/div><div class=\"tmm_desc\" style=\"text-align:center\"><p>V\u00e4it\u00f6skirjatutkija<br \/>Systeemianalyysin laboratorio<br \/>Aalto-yliopiston perustieteiden korkeakoulu<\/p><\/div><div class=\"tmm_scblock\"><\/div><\/div><\/div><div class=\"tmm_member\" style=\"border-top:#1e73be solid 5px;\"><div class=\"tmm_photo tmm_pic_johtokunta_7\" style=\"background: url(https:\/\/www.operaatiotutkimus.fi\/wp-content\/uploads\/2017\/10\/pacific.jpg); margin-left: auto; margin-right:auto; background-size:cover !important;\"><\/div><div class=\"tmm_textblock\"><div class=\"tmm_names\"><span class=\"tmm_fname\">Lauri<\/span> <span class=\"tmm_lname\">Viitasaari<\/span><\/div><div class=\"tmm_job\">Varaj\u00e4sen<\/div><div class=\"tmm_desc\" style=\"text-align:center\"><p>Apulaisprofessori<br \/>Tieto- ja palvelujohtamisen laitos<br \/>Aalto-yliopiston kauppakorkeakoulu<\/p><\/div><div class=\"tmm_scblock\"><\/div><\/div><\/div><span class=\"tmm_two_containers_tablet\"><\/span><div class=\"tmm_member\" style=\"border-top:#1e73be solid 5px;\"><div class=\"tmm_photo tmm_pic_johtokunta_8\" style=\"background: url(http:\/\/www.operaatiotutkimus.fi\/wp-content\/uploads\/2017\/10\/Kuva_Aira-scaled-e1616412861325.jpg); margin-left: auto; margin-right:auto; background-size:cover !important;\"><\/div><div class=\"tmm_textblock\"><div class=\"tmm_names\"><span class=\"tmm_fname\">Aira<\/span> <span class=\"tmm_lname\">Hast<\/span><\/div><div class=\"tmm_job\">Varaj\u00e4sen<\/div><div class=\"tmm_desc\" style=\"text-align:center\"><p>Yliaktuaari, TkT<br \/>Tilastokeskus<br \/>aira.hast \u00e4t gmail.com<\/p><\/div><div class=\"tmm_scblock\"><\/div><\/div><\/div><\/div><span class=\"tmm_columns_containers_desktop\"><\/span><div class=\"tmm_container\"><div class=\"tmm_member\" style=\"border-top:#1e73be solid 5px;\"><div class=\"tmm_photo tmm_pic_johtokunta_9\" style=\"background: url(https:\/\/www.operaatiotutkimus.fi\/wp-content\/uploads\/2017\/10\/vuorinen.jpeg); margin-left: auto; margin-right:auto; background-size:cover !important;\"><\/div><div class=\"tmm_textblock\"><div class=\"tmm_names\"><span class=\"tmm_fname\">Matti<\/span> <span class=\"tmm_lname\">Vuorinen<\/span><\/div><div class=\"tmm_job\">Varaj\u00e4sen<\/div><div class=\"tmm_desc\" style=\"text-align:center\"><p>DI<br \/>Director, Advanced Analytics, UPM<\/p><\/div><div class=\"tmm_scblock\"><\/div><\/div><\/div><div style=\"clear:both;\"><\/div><\/div><\/div><\/div>\n<h3>Seuran sihteeri<\/h3>\n<div class=\"tmm tmm_sihteeri\"><div class=\"tmm_3_columns tmm_wrap tmm_plugin_f\"><span class=\"tmm_two_containers_tablet\"><\/span><div class=\"tmm_container\"><div class=\"tmm_member\" style=\"border-top:#1e73be solid 5px;\"><div class=\"tmm_photo tmm_pic_sihteeri_0\" style=\"background: url(https:\/\/www.operaatiotutkimus.fi\/wp-content\/uploads\/2017\/10\/leppinen.jpeg); margin-left: auto; margin-right:auto; background-size:cover !important;\"><\/div><div class=\"tmm_textblock\"><div class=\"tmm_names\"><span class=\"tmm_fname\">Jussi<\/span> <span class=\"tmm_lname\">Leppinen<\/span><\/div><div class=\"tmm_job\">Sihteeri, Johtokunnan varaj\u00e4sen<\/div><div class=\"tmm_desc\" style=\"text-align:center\"><p>V\u00e4it\u00f6skirjatutkija<br>Systeemianalyysin laboratorio<br>Aalto-yliopiston perustieteiden korkeakoulu<\/p><p>sihteeri@operaatiotutkimus.fi<\/p><\/div><div class=\"tmm_scblock\"><\/div><\/div><\/div><div style=\"clear:both;\"><\/div><\/div><\/div><\/div>\n","protected":false},"excerpt":{"rendered":"<p>Seuran johtokunta Seuran johtokunta sis\u00e4lt\u00e4\u00e4 operaatiotutkimuksen parissa ty\u00f6skentelevi\u00e4 asiantuntijoita niin akateemisesta maailmasta kuin liike-el\u00e4m\u00e4st\u00e4kin ymp\u00e4ri Suomen. Seuran sihteeri<\/p>\n","protected":false},"author":1,"featured_media":0,"parent":0,"menu_order":0,"comment_status":"closed","ping_status":"closed","template":"","meta":{"inline_featured_image":false,"footnotes":""},"class_list":["post-205","page","type-page","status-publish","hentry"],"_links":{"self":[{"href":"https:\/\/www.operaatiotutkimus.fi\/index.php\/wp-json\/wp\/v2\/pages\/205","targetHints":{"allow":["GET"]}}],"collection":[{"href":"https:\/\/www.operaatiotutkimus.fi\/index.php\/wp-json\/wp\/v2\/pages"}],"about":[{"href":"https:\/\/www.operaatiotutkimus.fi\/index.php\/wp-json\/wp\/v2\/types\/page"}],"author":[{"embeddable":true,"href":"https:\/\/www.operaatiotutkimus.fi\/index.php\/wp-json\/wp\/v2\/users\/1"}],"replies":[{"embeddable":true,"href":"https:\/\/www.operaatiotutkimus.fi\/index.php\/wp-json\/wp\/v2\/comments?post=205"}],"version-history":[{"count":2,"href":"https:\/\/www.operaatiotutkimus.fi\/index.php\/wp-json\/wp\/v2\/pages\/205\/revisions"}],"predecessor-version":[{"id":208,"href":"https:\/\/www.operaatiotutkimus.fi\/index.php\/wp-json\/wp\/v2\/pages\/205\/revisions\/208"}],"wp:attachment":[{"href":"https:\/\/www.operaatiotutkimus.fi\/index.php\/wp-json\/wp\/v2\/media?parent=205"}],"curies":[{"name":"wp","href":"https:\/\/api.w.org\/{rel}","templated":true}]}}